{"id":1014,"date":"2024-03-03T08:25:03","date_gmt":"2024-03-03T07:25:03","guid":{"rendered":"https:\/\/cousiscousa.fr\/?post_type=product&#038;p=1014"},"modified":"2024-04-19T18:15:16","modified_gmt":"2024-04-19T17:15:16","slug":"johanna-le-beluga","status":"publish","type":"product","link":"https:\/\/cousiscousa.fr\/index.php\/product\/johanna-le-beluga\/","title":{"rendered":"Johanna le b\u00e9luga"},"content":{"rendered":"<h3 style=\"text-align: left;\">Johanna le b\u00e9luga<\/h3>\n<p>Je vous le dis de but en blanc, avec\u00a0 Johanna, vous plongerez en immersion, dans les eaux arctiques du Saint Laurent. Notre beluga y est connu comme le loup blanc, et affiche patte blanche: un front bomb\u00e9, un air doux et sympathique, bref un c\u00e9tac\u00e9 blanc comme neige qui donnera carte blanche \u00e0 votre cr\u00e9ativit\u00e9 !<br \/>\nTaille approximative 16 cm.<\/p>\n<p>Le patron est un fichier num\u00e9rique, au format PDF, contenant des instructions d\u00e9taill\u00e9es ainsi que des photos \u00ab pas \u00e0 pas \u00bb pour vous aider \u00e0 r\u00e9aliser ce b\u00e9luga.<\/p>\n<h3>Niveau de difficult\u00e9 : interm\u00e9diaire.<\/h3>\n<p>Savoir r\u00e9aliser les points suivants : anneau magique, maille cha\u00eenette, maille en l\u2019air, maille serr\u00e9e, maille coul\u00e9e, augmentation, diminution, bride, demi-bride.<\/p>\n<h3>Mat\u00e9riel<\/h3>\n<ul>\n<li>Fils de coton<\/li>\n<li>Crochet de 2.00 mm<\/li>\n<li>Ouate de rembourrage<\/li>\n<li>Aiguille \u00e0 laine ou \u00e0 broder<\/li>\n<li>Yeux s\u00e9curis\u00e9s<\/li>\n<li>Une paire de ciseaux<\/li>\n<\/ul>\n<h4>A noter :<\/h4>\n<p>Apr\u00e8s le paiement, vous recevez un e-mail afin de t\u00e9l\u00e9charger votre patron. Celui-ci, en raison de sa nature num\u00e9rique et t\u00e9l\u00e9chargeable, ne pourra \u00eatre ni \u00e9chang\u00e9 ni rembours\u00e9.<\/p>\n<p>Ceci est le patron pour r\u00e9aliser <strong>Johanna le b\u00e9luga\u00a0ce n\u2019est pas le produit fini<\/strong>\u00a0!<\/p>\n<p>&nbsp;<\/p>\n<p>&nbsp;<\/p>\n<p style=\"text-align: center;\">Copyright \u00a9 2023 Cousiscousa \u2013 Tous droits r\u00e9serv\u00e9s.<\/p>\n","protected":false},"excerpt":{"rendered":"<p>Venez d\u00e9couvrir ce patron au format PDF, pour r\u00e9aliser au crochet Johanna, un c\u00e9tac\u00e9 blanc comme neige. Un amigurumi original et rapide \u00e0 r\u00e9aliser !<\/p>\n<p>Taille approximative de la cr\u00e9ation : 16 cm.<\/p>\n","protected":false},"featured_media":1016,"comment_status":"open","ping_status":"closed","template":"","meta":[],"product_brand":[],"product_cat":[50,20],"product_tag":[],"class_list":{"0":"post-1014","1":"product","2":"type-product","3":"status-publish","4":"has-post-thumbnail","6":"product_cat-copains-de-neiges","7":"product_cat-patrons","9":"first","10":"instock","11":"featured","12":"downloadable","13":"virtual","14":"purchasable","15":"product-type-simple"},"jetpack_sharing_enabled":true,"_links":{"self":[{"href":"https:\/\/cousiscousa.fr\/index.php\/wp-json\/wp\/v2\/product\/1014","targetHints":{"allow":["GET"]}}],"collection":[{"href":"https:\/\/cousiscousa.fr\/index.php\/wp-json\/wp\/v2\/product"}],"about":[{"href":"https:\/\/cousiscousa.fr\/index.php\/wp-json\/wp\/v2\/types\/product"}],"replies":[{"embeddable":true,"href":"https:\/\/cousiscousa.fr\/index.php\/wp-json\/wp\/v2\/comments?post=1014"}],"wp:featuredmedia":[{"embeddable":true,"href":"https:\/\/cousiscousa.fr\/index.php\/wp-json\/wp\/v2\/media\/1016"}],"wp:attachment":[{"href":"https:\/\/cousiscousa.fr\/index.php\/wp-json\/wp\/v2\/media?parent=1014"}],"wp:term":[{"taxonomy":"product_brand","embeddable":true,"href":"https:\/\/cousiscousa.fr\/index.php\/wp-json\/wp\/v2\/product_brand?post=1014"},{"taxonomy":"product_cat","embeddable":true,"href":"https:\/\/cousiscousa.fr\/index.php\/wp-json\/wp\/v2\/product_cat?post=1014"},{"taxonomy":"product_tag","embeddable":true,"href":"https:\/\/cousiscousa.fr\/index.php\/wp-json\/wp\/v2\/product_tag?post=1014"}],"curies":[{"name":"wp","href":"https:\/\/api.w.org\/{rel}","templated":true}]}}