{"id":1061,"date":"2024-04-19T16:29:27","date_gmt":"2024-04-19T15:29:27","guid":{"rendered":"https:\/\/cousiscousa.fr\/?post_type=product&#038;p=1061"},"modified":"2024-05-29T17:08:59","modified_gmt":"2024-05-29T16:08:59","slug":"nadege-la-panthere-des-neiges-2","status":"publish","type":"product","link":"https:\/\/cousiscousa.fr\/index.php\/product\/nadege-la-panthere-des-neiges-2\/","title":{"rendered":"Nad\u00e8ge la panth\u00e8re des neiges"},"content":{"rendered":"<p>Une collection tout en douceur pour vos enfants<\/p>\n<h3>Nad\u00e8ge la panth\u00e8re des neiges<\/h3>\n<p>Nad\u00e8ge est une majestueuse panth\u00e8re arborant fi\u00e8rement sa toison tachet\u00e9e.<br \/>\nA c\u00f4t\u00e9 d&rsquo;elle tous les animaux de la banquise font p\u00e2le figure, et dans son cas, vous pouvez vous fiez aux apparences, elle est aussi belle qu&rsquo;adorable !<\/p>\n<h4>Fabrication :<\/h4>\n<p>Les copains des neiges sont r\u00e9alis\u00e9s \u00e0 la main avec amour !<br \/>\nConfectionn\u00e9s avec du fil 100% coton ils sont rembourr\u00e9s avec une ouate de rembourrage en fibre de polyester. Les yeux sont s\u00e9curis\u00e9s et certifi\u00e9s mais s&rsquo; ils sont destin\u00e9s \u00e0 un enfant de moins de 3 ans, il est pr\u00e9f\u00e9rable de les c\u00e2liner sous la surveillance d&rsquo;un adulte.<\/p>\n<h4>Entretien :<\/h4>\n<p>Lavable \u00e0 la main \u00e0 froid avec du savon de Marseille ou en machine \u00e0 30\u00b0.<\/p>\n<h4>A noter :<\/h4>\n<p>Chaque cr\u00e9ation est unique et les couleurs de fils peuvent \u00eatre amen\u00e9es \u00e0 varier. Comptez environ trois semaines pour la r\u00e9alisation et l\u2019envoi de votre joli compagnon.<\/p>\n","protected":false},"excerpt":{"rendered":"<p>Vous souhaitez un doudou qui vous fera rugir de plaisir ?<br \/>\nAdoptez Nad\u00e8ge la majestueuse panth\u00e8re des neiges, avec son manteau tachet\u00e9, elle est la plus belle de tout l&rsquo;arctique !<\/p>\n<p>Du haut de ses 16 cm elle se glisse partout. Ne cherchez plus, ce doudou est fait pour vous !<\/p>\n","protected":false},"featured_media":1063,"comment_status":"open","ping_status":"closed","template":"","meta":[],"product_brand":[],"product_cat":[51],"product_tag":[],"class_list":{"0":"post-1061","1":"product","2":"type-product","3":"status-publish","4":"has-post-thumbnail","6":"product_cat-copains-des-neiges","8":"first","9":"instock","10":"purchasable","11":"product-type-simple"},"jetpack_sharing_enabled":true,"_links":{"self":[{"href":"https:\/\/cousiscousa.fr\/index.php\/wp-json\/wp\/v2\/product\/1061","targetHints":{"allow":["GET"]}}],"collection":[{"href":"https:\/\/cousiscousa.fr\/index.php\/wp-json\/wp\/v2\/product"}],"about":[{"href":"https:\/\/cousiscousa.fr\/index.php\/wp-json\/wp\/v2\/types\/product"}],"replies":[{"embeddable":true,"href":"https:\/\/cousiscousa.fr\/index.php\/wp-json\/wp\/v2\/comments?post=1061"}],"wp:featuredmedia":[{"embeddable":true,"href":"https:\/\/cousiscousa.fr\/index.php\/wp-json\/wp\/v2\/media\/1063"}],"wp:attachment":[{"href":"https:\/\/cousiscousa.fr\/index.php\/wp-json\/wp\/v2\/media?parent=1061"}],"wp:term":[{"taxonomy":"product_brand","embeddable":true,"href":"https:\/\/cousiscousa.fr\/index.php\/wp-json\/wp\/v2\/product_brand?post=1061"},{"taxonomy":"product_cat","embeddable":true,"href":"https:\/\/cousiscousa.fr\/index.php\/wp-json\/wp\/v2\/product_cat?post=1061"},{"taxonomy":"product_tag","embeddable":true,"href":"https:\/\/cousiscousa.fr\/index.php\/wp-json\/wp\/v2\/product_tag?post=1061"}],"curies":[{"name":"wp","href":"https:\/\/api.w.org\/{rel}","templated":true}]}}