{"id":1066,"date":"2024-04-19T16:47:17","date_gmt":"2024-04-19T15:47:17","guid":{"rendered":"https:\/\/cousiscousa.fr\/?post_type=product&#038;p=1066"},"modified":"2024-05-29T17:08:43","modified_gmt":"2024-05-29T16:08:43","slug":"gabin-le-pingouin-2","status":"publish","type":"product","link":"https:\/\/cousiscousa.fr\/index.php\/product\/gabin-le-pingouin-2\/","title":{"rendered":"Gabin, le pingouin"},"content":{"rendered":"<p>Une collection tout en douceur pour vos enfants<\/p>\n<h3>Gabin, le pingouin<\/h3>\n<p>Gorfou, Royal, Empereur, Papou\u2026 Que de vari\u00e9t\u00e9s dans le monde des manchots. Car en r\u00e9alit\u00e9 Gabin est un manchot. La diff\u00e9rence ? Les pingouins savent voler contrairement \u00e0 leurs cousins !<br \/>\nGabin lui, appartient \u00e0 la famille des manchots Ad\u00e9lie : une petite taille, une adorable frimousse et un c\u0153ur tendre !<br \/>\nC\u2019est s\u00fbr il saura vous faire fondre !<br \/>\nTaille approximative 16 cm<\/p>\n<h4>Fabrication :<\/h4>\n<p>Les copains des neiges sont r\u00e9alis\u00e9s \u00e0 la main avec amour !<br \/>\nConfectionn\u00e9s avec du fil 100% coton ils sont rembourr\u00e9s avec une ouate de rembourrage en fibre de polyester. Les yeux sont s\u00e9curis\u00e9s et certifi\u00e9s mais s&rsquo; ils sont destin\u00e9s \u00e0 un enfant de moins de 3 ans, il est pr\u00e9f\u00e9rable de les c\u00e2liner sous la surveillance d&rsquo;un adulte.<\/p>\n<h4>Entretien :<\/h4>\n<p>Lavable \u00e0 la main \u00e0 froid avec du savon de Marseille ou en machine \u00e0 30\u00b0.<\/p>\n<h4>A noter :<\/h4>\n<p>Chaque cr\u00e9ation est unique et les couleurs de fils peuvent \u00eatre amen\u00e9es \u00e0 varier. Comptez environ trois semaines pour la r\u00e9alisation et l\u2019envoi de votre joli compagnon.<\/p>\n","protected":false},"excerpt":{"rendered":"<p>Vous r\u00eavez d&rsquo;un adorable petit pingouin qui vous fera fondre comme neige au soleil ?<br \/>\nN&rsquo;attendez plus, Gabin est le compagnon qu&rsquo;il vous faut !<\/p>\n<p>Du haut de ses 16 cm il se glisse partout. C&rsquo;est le doudou id\u00e9al pour toutes vos excursions !<\/p>\n","protected":false},"featured_media":1069,"comment_status":"open","ping_status":"closed","template":"","meta":[],"product_brand":[],"product_cat":[51],"product_tag":[],"class_list":{"0":"post-1066","1":"product","2":"type-product","3":"status-publish","4":"has-post-thumbnail","6":"product_cat-copains-des-neiges","8":"first","9":"instock","10":"purchasable","11":"product-type-simple"},"jetpack_sharing_enabled":true,"_links":{"self":[{"href":"https:\/\/cousiscousa.fr\/index.php\/wp-json\/wp\/v2\/product\/1066","targetHints":{"allow":["GET"]}}],"collection":[{"href":"https:\/\/cousiscousa.fr\/index.php\/wp-json\/wp\/v2\/product"}],"about":[{"href":"https:\/\/cousiscousa.fr\/index.php\/wp-json\/wp\/v2\/types\/product"}],"replies":[{"embeddable":true,"href":"https:\/\/cousiscousa.fr\/index.php\/wp-json\/wp\/v2\/comments?post=1066"}],"wp:featuredmedia":[{"embeddable":true,"href":"https:\/\/cousiscousa.fr\/index.php\/wp-json\/wp\/v2\/media\/1069"}],"wp:attachment":[{"href":"https:\/\/cousiscousa.fr\/index.php\/wp-json\/wp\/v2\/media?parent=1066"}],"wp:term":[{"taxonomy":"product_brand","embeddable":true,"href":"https:\/\/cousiscousa.fr\/index.php\/wp-json\/wp\/v2\/product_brand?post=1066"},{"taxonomy":"product_cat","embeddable":true,"href":"https:\/\/cousiscousa.fr\/index.php\/wp-json\/wp\/v2\/product_cat?post=1066"},{"taxonomy":"product_tag","embeddable":true,"href":"https:\/\/cousiscousa.fr\/index.php\/wp-json\/wp\/v2\/product_tag?post=1066"}],"curies":[{"name":"wp","href":"https:\/\/api.w.org\/{rel}","templated":true}]}}