{"id":1074,"date":"2024-04-19T17:12:11","date_gmt":"2024-04-19T16:12:11","guid":{"rendered":"https:\/\/cousiscousa.fr\/?post_type=product&#038;p=1074"},"modified":"2024-04-19T17:24:32","modified_gmt":"2024-04-19T16:24:32","slug":"sherlock-le-phoque","status":"publish","type":"product","link":"https:\/\/cousiscousa.fr\/index.php\/product\/sherlock-le-phoque\/","title":{"rendered":"Sherlock, le phoque"},"content":{"rendered":"<p>Une collection tout en douceur pour vos enfants<\/p>\n<h3>Sherlock, le phoque<\/h3>\n<p>Sherlock est un petit phoque tachet\u00e9 qui a de la suite dans les id\u00e9es. Il sait toujours o\u00f9 creuser pour trouver les plus gros poissons et avec vous \u00e9galement, il saura briser la glace et vous faire fondre !<br \/>\nTaille approximative 15 cm<\/p>\n<h4>Fabrication :<\/h4>\n<p>Les copains des neiges sont r\u00e9alis\u00e9s \u00e0 la main avec amour !<br \/>\nConfectionn\u00e9s avec du fil 100% coton ils sont rembourr\u00e9s avec une ouate de rembourrage en fibre de polyester. Les yeux et le museau sont s\u00e9curis\u00e9s et certifi\u00e9s mais s&rsquo; ils sont destin\u00e9s \u00e0 un enfant de moins de 3 ans, il est pr\u00e9f\u00e9rable de les c\u00e2liner sous la surveillance d&rsquo;un adulte.<\/p>\n<h4>Entretien :<\/h4>\n<p>Lavable \u00e0 la main \u00e0 froid avec du savon de Marseille ou en machine \u00e0 30\u00b0.<\/p>\n<h4>A noter :<\/h4>\n<p>Chaque cr\u00e9ation est unique et les couleurs de fils peuvent \u00eatre amen\u00e9es \u00e0 varier. Comptez environ trois semaines pour la r\u00e9alisation et l\u2019envoi de votre joli compagnon.<\/p>\n","protected":false},"excerpt":{"rendered":"<p>Sherlock est un petit phoque plein de sagacit\u00e9 qui saura vous d\u00e9nicher les meilleurs poissons de l&rsquo;oc\u00e9an !<\/p>\n<p>Du haut de ses 15 cm il se glisse dans toutes les besaces. C&rsquo;est le doudou id\u00e9al pour toutes vos excursions !<\/p>\n","protected":false},"featured_media":1076,"comment_status":"open","ping_status":"closed","template":"","meta":[],"product_brand":[],"product_cat":[51],"product_tag":[],"class_list":{"0":"post-1074","1":"product","2":"type-product","3":"status-publish","4":"has-post-thumbnail","6":"product_cat-copains-des-neiges","8":"first","9":"instock","10":"purchasable","11":"product-type-simple"},"jetpack_sharing_enabled":true,"_links":{"self":[{"href":"https:\/\/cousiscousa.fr\/index.php\/wp-json\/wp\/v2\/product\/1074","targetHints":{"allow":["GET"]}}],"collection":[{"href":"https:\/\/cousiscousa.fr\/index.php\/wp-json\/wp\/v2\/product"}],"about":[{"href":"https:\/\/cousiscousa.fr\/index.php\/wp-json\/wp\/v2\/types\/product"}],"replies":[{"embeddable":true,"href":"https:\/\/cousiscousa.fr\/index.php\/wp-json\/wp\/v2\/comments?post=1074"}],"wp:featuredmedia":[{"embeddable":true,"href":"https:\/\/cousiscousa.fr\/index.php\/wp-json\/wp\/v2\/media\/1076"}],"wp:attachment":[{"href":"https:\/\/cousiscousa.fr\/index.php\/wp-json\/wp\/v2\/media?parent=1074"}],"wp:term":[{"taxonomy":"product_brand","embeddable":true,"href":"https:\/\/cousiscousa.fr\/index.php\/wp-json\/wp\/v2\/product_brand?post=1074"},{"taxonomy":"product_cat","embeddable":true,"href":"https:\/\/cousiscousa.fr\/index.php\/wp-json\/wp\/v2\/product_cat?post=1074"},{"taxonomy":"product_tag","embeddable":true,"href":"https:\/\/cousiscousa.fr\/index.php\/wp-json\/wp\/v2\/product_tag?post=1074"}],"curies":[{"name":"wp","href":"https:\/\/api.w.org\/{rel}","templated":true}]}}