{"id":1078,"date":"2024-04-19T17:24:54","date_gmt":"2024-04-19T16:24:54","guid":{"rendered":"https:\/\/cousiscousa.fr\/?post_type=product&#038;p=1078"},"modified":"2024-08-21T08:33:17","modified_gmt":"2024-08-21T07:33:17","slug":"watson-le-morse","status":"publish","type":"product","link":"https:\/\/cousiscousa.fr\/index.php\/product\/watson-le-morse\/","title":{"rendered":"Watson, le morse"},"content":{"rendered":"<p>Une collection tout en douceur pour vos enfants<\/p>\n<h3>Watson, le morse<\/h3>\n<p>Un morse en marini\u00e8re ? El\u00e9mentaire !<br \/>\nWatson est le morse plus frileux du groupe ! Heureusement une fois qu&rsquo;il a mis son bonnet \u00e0 pompon pour se prot\u00e9ger du froid, il est capable de vous suivre au bout du monde !<br \/>\nTaille approximative 16 cm.<\/p>\n<h4>Fabrication :<\/h4>\n<p>Les copains des neiges sont r\u00e9alis\u00e9s \u00e0 la main avec amour !<br \/>\nConfectionn\u00e9s avec du fil 100% coton ils sont rembourr\u00e9s avec une ouate de rembourrage en fibre de polyester. Les yeux sont s\u00e9curis\u00e9s et certifi\u00e9s mais s&rsquo; ils sont destin\u00e9s \u00e0 un enfant de moins de 3 ans, il est pr\u00e9f\u00e9rable de les c\u00e2liner sous la surveillance d&rsquo;un adulte.<br \/>\nLe bonnet n&rsquo;est pas fix\u00e9 \u00e0 la t\u00eate et peut \u00eatre retir\u00e9 pour les tout petits car dans ce cas l\u00e0, il vaut mieux \u00e9viter d&rsquo;attraper le pompon.<\/p>\n<h4>Entretien :<\/h4>\n<p>Lavable \u00e0 la main \u00e0 froid avec du savon de Marseille ou en machine \u00e0 30\u00b0.<\/p>\n<h4>A noter :<\/h4>\n<p>Chaque cr\u00e9ation est unique et les couleurs de fils peuvent \u00eatre amen\u00e9es \u00e0 varier. Comptez environ trois semaines pour la r\u00e9alisation et l\u2019envoi de votre joli compagnon.<\/p>\n","protected":false},"excerpt":{"rendered":"<p>Si Watson a peur de prendre froid, une fois son bonnet enfil\u00e9 , il saura affronter tous les p\u00e9riples pour vous accompagner, o\u00f9 que vous alliez !<\/p>\n<p>Du haut de ses 16 cm il se glisse partout. C&rsquo;est le doudou id\u00e9al pour toutes vos excursions !<\/p>\n","protected":false},"featured_media":1081,"comment_status":"open","ping_status":"closed","template":"","meta":[],"product_brand":[],"product_cat":[51],"product_tag":[],"class_list":{"0":"post-1078","1":"product","2":"type-product","3":"status-publish","4":"has-post-thumbnail","6":"product_cat-copains-des-neiges","8":"first","9":"instock","10":"purchasable","11":"product-type-simple"},"jetpack_sharing_enabled":true,"_links":{"self":[{"href":"https:\/\/cousiscousa.fr\/index.php\/wp-json\/wp\/v2\/product\/1078","targetHints":{"allow":["GET"]}}],"collection":[{"href":"https:\/\/cousiscousa.fr\/index.php\/wp-json\/wp\/v2\/product"}],"about":[{"href":"https:\/\/cousiscousa.fr\/index.php\/wp-json\/wp\/v2\/types\/product"}],"replies":[{"embeddable":true,"href":"https:\/\/cousiscousa.fr\/index.php\/wp-json\/wp\/v2\/comments?post=1078"}],"wp:featuredmedia":[{"embeddable":true,"href":"https:\/\/cousiscousa.fr\/index.php\/wp-json\/wp\/v2\/media\/1081"}],"wp:attachment":[{"href":"https:\/\/cousiscousa.fr\/index.php\/wp-json\/wp\/v2\/media?parent=1078"}],"wp:term":[{"taxonomy":"product_brand","embeddable":true,"href":"https:\/\/cousiscousa.fr\/index.php\/wp-json\/wp\/v2\/product_brand?post=1078"},{"taxonomy":"product_cat","embeddable":true,"href":"https:\/\/cousiscousa.fr\/index.php\/wp-json\/wp\/v2\/product_cat?post=1078"},{"taxonomy":"product_tag","embeddable":true,"href":"https:\/\/cousiscousa.fr\/index.php\/wp-json\/wp\/v2\/product_tag?post=1078"}],"curies":[{"name":"wp","href":"https:\/\/api.w.org\/{rel}","templated":true}]}}