{"id":1105,"date":"2024-05-29T16:38:48","date_gmt":"2024-05-29T15:38:48","guid":{"rendered":"https:\/\/cousiscousa.fr\/?post_type=product&#038;p=1105"},"modified":"2024-05-29T16:57:52","modified_gmt":"2024-05-29T15:57:52","slug":"brieuc-le-macareux","status":"publish","type":"product","link":"https:\/\/cousiscousa.fr\/index.php\/product\/brieuc-le-macareux\/","title":{"rendered":"Brieuc le macareux"},"content":{"rendered":"<h3 style=\"text-align: left;\">Brieuc le macareux<\/h3>\n<p>Avec son cir\u00e9 et son chapeau de pluie, Brieuc est pr\u00eat \u00e0 affronter toutes les intemp\u00e9ries. Qu&rsquo;il neige, vente, gr\u00eale ou pleuve l&rsquo;intr\u00e9pide Brieuc est d\u00e9cidemment un macareux bien courageux !<\/p>\n<p>Taille approximative 16 cm.<\/p>\n<p>Le patron est un fichier num\u00e9rique, au format PDF, contenant des instructions d\u00e9taill\u00e9es ainsi que des photos \u00ab pas \u00e0 pas \u00bb pour vous aider \u00e0 r\u00e9aliser cet adorable oiseau des mers et tous ses accessoires, cir\u00e9, chapeau, seau, poissons.<\/p>\n<h3>Niveau de difficult\u00e9 : interm\u00e9diaire.<\/h3>\n<p>Savoir r\u00e9aliser les points suivants : anneau magique, maille cha\u00eenette, maille en l\u2019air, maille serr\u00e9e, maille coul\u00e9e, augmentation, diminution, bride, demi-bride, double bride.<\/p>\n<h3>Mat\u00e9riel<\/h3>\n<ul>\n<li>Fils de coton<\/li>\n<li>Crochet de 2.00 mm<\/li>\n<li>Ouate de rembourrage<\/li>\n<li>Aiguille \u00e0 laine ou \u00e0 broder<\/li>\n<li>Yeux s\u00e9curis\u00e9s<\/li>\n<li>Une paire de ciseaux<\/li>\n<\/ul>\n<h4>A noter :<\/h4>\n<p>Apr\u00e8s le paiement, vous recevez un e-mail afin de t\u00e9l\u00e9charger votre patron. Celui-ci, en raison de sa nature num\u00e9rique et t\u00e9l\u00e9chargeable, ne pourra \u00eatre ni \u00e9chang\u00e9 ni rembours\u00e9.<\/p>\n<p>Ceci est le patron pour r\u00e9aliser Brieuc le macareux,<strong>\u00a0ce n\u2019est pas le produit fini<\/strong>\u00a0!<\/p>\n<p>&nbsp;<\/p>\n<p>&nbsp;<\/p>\n<p style=\"text-align: center;\">Copyright \u00a9 2024 Cousiscousa \u2013 Tous droits r\u00e9serv\u00e9s.<\/p>\n","protected":false},"excerpt":{"rendered":"<p>Venez d\u00e9couvrir ce patron au format PDF, pour r\u00e9aliser au crochet ce petit macareux tout droit venu d&rsquo;Islande !<\/p>\n<p>Taille approximative de la cr\u00e9ation : 16 cm.<\/p>\n","protected":false},"featured_media":1106,"comment_status":"open","ping_status":"closed","template":"","meta":[],"product_brand":[],"product_cat":[50,20],"product_tag":[],"class_list":{"0":"post-1105","1":"product","2":"type-product","3":"status-publish","4":"has-post-thumbnail","6":"product_cat-copains-de-neiges","7":"product_cat-patrons","9":"first","10":"instock","11":"featured","12":"downloadable","13":"virtual","14":"purchasable","15":"product-type-simple"},"jetpack_sharing_enabled":true,"_links":{"self":[{"href":"https:\/\/cousiscousa.fr\/index.php\/wp-json\/wp\/v2\/product\/1105","targetHints":{"allow":["GET"]}}],"collection":[{"href":"https:\/\/cousiscousa.fr\/index.php\/wp-json\/wp\/v2\/product"}],"about":[{"href":"https:\/\/cousiscousa.fr\/index.php\/wp-json\/wp\/v2\/types\/product"}],"replies":[{"embeddable":true,"href":"https:\/\/cousiscousa.fr\/index.php\/wp-json\/wp\/v2\/comments?post=1105"}],"wp:featuredmedia":[{"embeddable":true,"href":"https:\/\/cousiscousa.fr\/index.php\/wp-json\/wp\/v2\/media\/1106"}],"wp:attachment":[{"href":"https:\/\/cousiscousa.fr\/index.php\/wp-json\/wp\/v2\/media?parent=1105"}],"wp:term":[{"taxonomy":"product_brand","embeddable":true,"href":"https:\/\/cousiscousa.fr\/index.php\/wp-json\/wp\/v2\/product_brand?post=1105"},{"taxonomy":"product_cat","embeddable":true,"href":"https:\/\/cousiscousa.fr\/index.php\/wp-json\/wp\/v2\/product_cat?post=1105"},{"taxonomy":"product_tag","embeddable":true,"href":"https:\/\/cousiscousa.fr\/index.php\/wp-json\/wp\/v2\/product_tag?post=1105"}],"curies":[{"name":"wp","href":"https:\/\/api.w.org\/{rel}","templated":true}]}}