{"id":1115,"date":"2024-05-29T16:58:09","date_gmt":"2024-05-29T15:58:09","guid":{"rendered":"https:\/\/cousiscousa.fr\/?post_type=product&#038;p=1115"},"modified":"2024-05-29T17:06:48","modified_gmt":"2024-05-29T16:06:48","slug":"brieuc-le-macareux-2","status":"publish","type":"product","link":"https:\/\/cousiscousa.fr\/index.php\/product\/brieuc-le-macareux-2\/","title":{"rendered":"Brieuc, le macareux"},"content":{"rendered":"<p>Une collection tout en douceur pour vos enfants<\/p>\n<h3>Brieuc, le macareux<\/h3>\n<p>Avec son cir\u00e9 et son chapeau de pluie, Brieuc est pr\u00eat \u00e0 affronter toutes les intemp\u00e9ries. Qu&rsquo;il neige, pleuve, vente, gr\u00eale, l&rsquo;intr\u00e9pide Brieuc est d\u00e9cidemment un oiseau fort courageux.<br \/>\nTaille approximative 16 cm.<\/p>\n<h4>Fabrication :<\/h4>\n<p>Les copains des neiges sont r\u00e9alis\u00e9s \u00e0 la main avec amour !<br \/>\nConfectionn\u00e9s avec du fil 100% coton ils sont rembourr\u00e9s avec une ouate de rembourrage en fibre de polyester. Les yeux sont s\u00e9curis\u00e9s et certifi\u00e9s mais s&rsquo; ils sont destin\u00e9s \u00e0 un enfant de moins de 3 ans, il est pr\u00e9f\u00e9rable de les c\u00e2liner sous la surveillance d&rsquo;un adulte.<br \/>\nLe bonnet n&rsquo;est pas fix\u00e9 \u00e0 la t\u00eate et il peut se retirer tout comme le cir\u00e9. En revanche, il faudra faire attention aux petits poissons qui pourraient se perdre dans l&rsquo;oc\u00e9an.<\/p>\n<h4>Entretien :<\/h4>\n<p>Lavable \u00e0 la main \u00e0 froid avec du savon de Marseille ou en machine \u00e0 30\u00b0.<\/p>\n<h4>A noter :<\/h4>\n<p>Chaque cr\u00e9ation est unique et les couleurs de fils peuvent \u00eatre amen\u00e9es \u00e0 varier. Comptez environ trois semaines pour la r\u00e9alisation et l\u2019envoi de votre joli compagnon.<\/p>\n","protected":false},"excerpt":{"rendered":"<p>Brieuc est un \u00e9ternel optimiste, il sait bien qu&rsquo;apr\u00e8s la pluie vient le beau temps, mais comme le dit l&rsquo;adage, mieux vaut pr\u00e9venir que gu\u00e9rir et avec son joli cir\u00e9 jaune, il est par\u00e9 \u00e0 toutes les \u00e9ventualit\u00e9s.<\/p>\n<p>Du haut de ses 16 cm il se glisse partout. C&rsquo;est le doudou id\u00e9al pour toutes vos excursions !<\/p>\n","protected":false},"featured_media":1108,"comment_status":"open","ping_status":"closed","template":"","meta":[],"product_brand":[],"product_cat":[51],"product_tag":[],"class_list":{"0":"post-1115","1":"product","2":"type-product","3":"status-publish","4":"has-post-thumbnail","6":"product_cat-copains-des-neiges","8":"first","9":"instock","10":"purchasable","11":"product-type-simple"},"jetpack_sharing_enabled":true,"_links":{"self":[{"href":"https:\/\/cousiscousa.fr\/index.php\/wp-json\/wp\/v2\/product\/1115","targetHints":{"allow":["GET"]}}],"collection":[{"href":"https:\/\/cousiscousa.fr\/index.php\/wp-json\/wp\/v2\/product"}],"about":[{"href":"https:\/\/cousiscousa.fr\/index.php\/wp-json\/wp\/v2\/types\/product"}],"replies":[{"embeddable":true,"href":"https:\/\/cousiscousa.fr\/index.php\/wp-json\/wp\/v2\/comments?post=1115"}],"wp:featuredmedia":[{"embeddable":true,"href":"https:\/\/cousiscousa.fr\/index.php\/wp-json\/wp\/v2\/media\/1108"}],"wp:attachment":[{"href":"https:\/\/cousiscousa.fr\/index.php\/wp-json\/wp\/v2\/media?parent=1115"}],"wp:term":[{"taxonomy":"product_brand","embeddable":true,"href":"https:\/\/cousiscousa.fr\/index.php\/wp-json\/wp\/v2\/product_brand?post=1115"},{"taxonomy":"product_cat","embeddable":true,"href":"https:\/\/cousiscousa.fr\/index.php\/wp-json\/wp\/v2\/product_cat?post=1115"},{"taxonomy":"product_tag","embeddable":true,"href":"https:\/\/cousiscousa.fr\/index.php\/wp-json\/wp\/v2\/product_tag?post=1115"}],"curies":[{"name":"wp","href":"https:\/\/api.w.org\/{rel}","templated":true}]}}