{"id":1155,"date":"2024-08-28T09:10:09","date_gmt":"2024-08-28T08:10:09","guid":{"rendered":"https:\/\/cousiscousa.fr\/?post_type=product&#038;p=1155"},"modified":"2024-08-28T09:28:11","modified_gmt":"2024-08-28T08:28:11","slug":"jordane-2","status":"publish","type":"product","link":"https:\/\/cousiscousa.fr\/index.php\/product\/jordane-2\/","title":{"rendered":"Jord\u00e2ne"},"content":{"rendered":"<h3>Jord\u00e2ne<\/h3>\n<p>T\u00eatu comme un \u00e2ne, \u00e7a oui ! Jord\u00e2ne r\u00e9pond \u00e0 l&rsquo;adage mais sous ses airs bourrus, c&rsquo;est un adorable compagnon ! Soucieux de son apparence,\u00a0 il a troqu\u00e9 le bonnet d&rsquo;\u00e2ne pour un joli bandana et cela lui va comme un gant !<\/p>\n<h4>Fabrication :<\/h4>\n<p>Jord\u00e2ne est r\u00e9alis\u00e9 \u00e0 la main avec amour !<br \/>\nConfectionn\u00e9 avec du fil 100% coton il est rembourr\u00e9 avec une ouate de rembourrage en fibre de polyester. Les yeux sont s\u00e9curis\u00e9s et le museau, joliment brod\u00e9.<\/p>\n<h4>Entretien :<\/h4>\n<p>Lavable \u00e0 la main \u00e0 froid avec du savon de Marseille ou en machine \u00e0 30\u00b0. Pour ne pas ab\u00eemer le doudou, glissez le dans un pochon ou une taie d&rsquo;oreiller avant de le d\u00e9poser dans le tambour de la machine.<\/p>\n<h4>A noter :<\/h4>\n<p>Chaque cr\u00e9ation est unique et les couleurs de fils peuvent \u00eatre amen\u00e9es \u00e0 varier. Comptez environ quatre semaines pour la r\u00e9alisation et l\u2019envoi de votre petit \u00e2ne<\/p>\n","protected":false},"excerpt":{"rendered":"<p>Ne criez plus haro sur la baudet ! Jord\u00e2ne aussi t\u00eatu qu&rsquo;il soit n&rsquo;en reste pas moins un adorable compagnon et sans vouloir passer du coq \u00e0 l&rsquo;\u00e2ne il r\u00eave de changer de cr\u00e8merie et de se faire adopter ! Alors qu&rsquo;attendez vous ?<\/p>\n","protected":false},"featured_media":1147,"comment_status":"open","ping_status":"closed","template":"","meta":[],"product_brand":[],"product_cat":[25],"product_tag":[],"class_list":{"0":"post-1155","1":"product","2":"type-product","3":"status-publish","4":"has-post-thumbnail","6":"product_cat-dans-la-ferme-de-mathurin","8":"first","9":"instock","10":"purchasable","11":"product-type-simple"},"jetpack_sharing_enabled":true,"_links":{"self":[{"href":"https:\/\/cousiscousa.fr\/index.php\/wp-json\/wp\/v2\/product\/1155","targetHints":{"allow":["GET"]}}],"collection":[{"href":"https:\/\/cousiscousa.fr\/index.php\/wp-json\/wp\/v2\/product"}],"about":[{"href":"https:\/\/cousiscousa.fr\/index.php\/wp-json\/wp\/v2\/types\/product"}],"replies":[{"embeddable":true,"href":"https:\/\/cousiscousa.fr\/index.php\/wp-json\/wp\/v2\/comments?post=1155"}],"wp:featuredmedia":[{"embeddable":true,"href":"https:\/\/cousiscousa.fr\/index.php\/wp-json\/wp\/v2\/media\/1147"}],"wp:attachment":[{"href":"https:\/\/cousiscousa.fr\/index.php\/wp-json\/wp\/v2\/media?parent=1155"}],"wp:term":[{"taxonomy":"product_brand","embeddable":true,"href":"https:\/\/cousiscousa.fr\/index.php\/wp-json\/wp\/v2\/product_brand?post=1155"},{"taxonomy":"product_cat","embeddable":true,"href":"https:\/\/cousiscousa.fr\/index.php\/wp-json\/wp\/v2\/product_cat?post=1155"},{"taxonomy":"product_tag","embeddable":true,"href":"https:\/\/cousiscousa.fr\/index.php\/wp-json\/wp\/v2\/product_tag?post=1155"}],"curies":[{"name":"wp","href":"https:\/\/api.w.org\/{rel}","templated":true}]}}