{"id":1170,"date":"2024-09-14T08:13:42","date_gmt":"2024-09-14T07:13:42","guid":{"rendered":"https:\/\/cousiscousa.fr\/?post_type=product&#038;p=1170"},"modified":"2024-09-14T09:16:45","modified_gmt":"2024-09-14T08:16:45","slug":"andrieu-lecureuil-frileux","status":"publish","type":"product","link":"https:\/\/cousiscousa.fr\/index.php\/product\/andrieu-lecureuil-frileux\/","title":{"rendered":"Andrieu, l&rsquo;\u00e9cureuil frileux"},"content":{"rendered":"<h3>Andrieu<\/h3>\n<p>Ann\u00e9e de noisettes ann\u00e9e de disette ?<br \/>\nDans le doute, Andrieu, un chouilla superstitieux, a mis de c\u00f4t\u00e9 des ch\u00e2taignes, des noix, des cacahu\u00e8tes et des amandes. On est jamais trop prudent !<br \/>\nAu moins, lui, n&rsquo;ira pas crier famine, chez la fourmi, sa voisine. Maintenant qu&rsquo;il a amass\u00e9 de quoi subsister, il peut \u00e0 loisir se pr\u00e9lasser devant la chemin\u00e9e en parcourant les pages de son roman pr\u00e9f\u00e9r\u00e9 !<\/p>\n<p>Retrouvez la jolie illustration d&rsquo;Andrieu (et tant d&rsquo;autres) sur le compte instagram de mimiwood_illustration.<\/p>\n<h4>Fabrication :<\/h4>\n<p>Andrieu est r\u00e9alis\u00e9 \u00e0 la main avec amour !<br \/>\nConfectionn\u00e9 avec du fil 100% coton il est rembourr\u00e9 avec une ouate de rembourrage en fibre de polyester. Les yeux sont brod\u00e9s pour plus de s\u00e9curit\u00e9 mais il est d\u00e9conseill\u00e9 de le mettre dans de trop petites mains \u00e0 cause du pompon au sommet du bonnet.<\/p>\n<h4>Entretien :<\/h4>\n<p>Lavable \u00e0 la main \u00e0 froid avec du savon de Marseille ou en machine \u00e0 30\u00b0. Pour ne pas ab\u00eemer le doudou, glissez le dans un pochon ou une taie d&rsquo;oreiller avant de le d\u00e9poser dans le tambour de la machine.<\/p>\n<h4>A noter :<\/h4>\n<p>Chaque cr\u00e9ation est unique et les couleurs de fils peuvent \u00eatre amen\u00e9es \u00e0 varier. Comptez environ quatre semaines pour la r\u00e9alisation et l\u2019envoi de votre petit \u00e9cureuil.<\/p>\n","protected":false},"excerpt":{"rendered":"<p>Lorsque le temps est maussade et gris , Andrieu sait comment il faut se r\u00e9conforter. Une grosse \u00e9charpe, un chocolat, une chemin\u00e9e et surtout se mettre au chaud !<br \/>\nIl adorera, \u00e0 coup s\u00fbr,\u00a0 se lover dans votre int\u00e9rieur pour peu qu&rsquo;il soit douillet, alors n&rsquo;h\u00e9sitez pas \u00e0 l&rsquo;adopter !<\/p>\n","protected":false},"featured_media":1171,"comment_status":"open","ping_status":"closed","template":"","meta":[],"product_brand":[],"product_cat":[15],"product_tag":[],"class_list":{"0":"post-1170","1":"product","2":"type-product","3":"status-publish","4":"has-post-thumbnail","6":"product_cat-uncategorized","8":"first","9":"instock","10":"purchasable","11":"product-type-simple"},"jetpack_sharing_enabled":true,"_links":{"self":[{"href":"https:\/\/cousiscousa.fr\/index.php\/wp-json\/wp\/v2\/product\/1170","targetHints":{"allow":["GET"]}}],"collection":[{"href":"https:\/\/cousiscousa.fr\/index.php\/wp-json\/wp\/v2\/product"}],"about":[{"href":"https:\/\/cousiscousa.fr\/index.php\/wp-json\/wp\/v2\/types\/product"}],"replies":[{"embeddable":true,"href":"https:\/\/cousiscousa.fr\/index.php\/wp-json\/wp\/v2\/comments?post=1170"}],"wp:featuredmedia":[{"embeddable":true,"href":"https:\/\/cousiscousa.fr\/index.php\/wp-json\/wp\/v2\/media\/1171"}],"wp:attachment":[{"href":"https:\/\/cousiscousa.fr\/index.php\/wp-json\/wp\/v2\/media?parent=1170"}],"wp:term":[{"taxonomy":"product_brand","embeddable":true,"href":"https:\/\/cousiscousa.fr\/index.php\/wp-json\/wp\/v2\/product_brand?post=1170"},{"taxonomy":"product_cat","embeddable":true,"href":"https:\/\/cousiscousa.fr\/index.php\/wp-json\/wp\/v2\/product_cat?post=1170"},{"taxonomy":"product_tag","embeddable":true,"href":"https:\/\/cousiscousa.fr\/index.php\/wp-json\/wp\/v2\/product_tag?post=1170"}],"curies":[{"name":"wp","href":"https:\/\/api.w.org\/{rel}","templated":true}]}}