{"id":1177,"date":"2024-09-14T08:43:46","date_gmt":"2024-09-14T07:43:46","guid":{"rendered":"https:\/\/cousiscousa.fr\/?post_type=product&#038;p=1177"},"modified":"2024-09-14T09:10:15","modified_gmt":"2024-09-14T08:10:15","slug":"andrieu-lecureuil-frileux-2","status":"publish","type":"product","link":"https:\/\/cousiscousa.fr\/index.php\/product\/andrieu-lecureuil-frileux-2\/","title":{"rendered":"Andrieu, l&rsquo;\u00e9cureuil frileux"},"content":{"rendered":"<h3 style=\"text-align: left;\">Andrieu, l&rsquo;\u00e9cureuil frileux<\/h3>\n<p>D\u00e9couvrez le patron d&rsquo;Andrieu, un \u00e9cureuil un chouilla frileux dont l&rsquo;activit\u00e9 pr\u00e9f\u00e9r\u00e9e est de crocheter au coin du feu emmitoufl\u00e9 dans son plaid. Taille approximative 18 cm.<\/p>\n<p>Le patron est un fichier num\u00e9rique, au format PDF, contenant des instructions d\u00e9taill\u00e9es ainsi que des photos \u00ab pas \u00e0 pas \u00bb pour vous aider \u00e0 r\u00e9aliser votre adorable \u00e9cureuil.<\/p>\n<p>Vous pouvez\u00a0 retrouver l&rsquo;illustration sur le compte instagram de la talentueuse mimiwood_ illustration.<\/p>\n<h3>Niveau de difficult\u00e9 : Interm\u00e9diaire<\/h3>\n<p>Savoir r\u00e9aliser les points suivants : anneau magique, maille cha\u00eenette, maille en l\u2019air, maille serr\u00e9e, maille coul\u00e9e, augmentation, diminution, brides, demi-brides. Savoir crocheter en rond et en rangs.<\/p>\n<h3>Mat\u00e9riel<\/h3>\n<ul>\n<li>Fils 100 % coton<\/li>\n<li>Crochet de 2.00 mm et de 2.50mm<\/li>\n<li>Ouate de rembourrage<\/li>\n<li>Aiguille \u00e0 laine ou \u00e0 broder<\/li>\n<li>Fil \u00e0 broder noir<\/li>\n<li>Une paire de ciseaux<\/li>\n<li>Un petit pompon<\/li>\n<\/ul>\n<h4>A noter :<\/h4>\n<p>Apr\u00e8s le paiement, vous recevez un e-mail afin de t\u00e9l\u00e9charger votre patron. Le patron, en raison de sa nature num\u00e9rique et t\u00e9l\u00e9chargeable, ne pourra \u00eatre ni \u00e9chang\u00e9 ni rembours\u00e9.<\/p>\n<p>Ceci est le patron pour r\u00e9aliser Andrieu, l&rsquo;\u00e9cureuil frileux <strong>ce n\u2019est pas le produit fini<\/strong>\u00a0!<\/p>\n<p>&nbsp;<\/p>\n<p>&nbsp;<\/p>\n<p style=\"text-align: center;\">Copyright \u00a9 2024 Cousiscousa \u2013 Tous droits r\u00e9serv\u00e9s.<\/p>\n","protected":false},"excerpt":{"rendered":"<p>Patron au format PDF, pour r\u00e9aliser au crochet ce petit \u00e9cureuil frileux, imagin\u00e9 et illustr\u00e9 par\u00a0 mimiwood_illustration.<br \/>\nTaille approximative de la cr\u00e9ation : 18 cm.<\/p>\n","protected":false},"featured_media":1179,"comment_status":"open","ping_status":"closed","template":"","meta":[],"product_brand":[],"product_cat":[40,20],"product_tag":[],"class_list":{"0":"post-1177","1":"product","2":"type-product","3":"status-publish","4":"has-post-thumbnail","6":"product_cat-patrons-copains-des-bois","7":"product_cat-patrons","9":"first","10":"instock","11":"featured","12":"downloadable","13":"virtual","14":"purchasable","15":"product-type-simple"},"jetpack_sharing_enabled":true,"_links":{"self":[{"href":"https:\/\/cousiscousa.fr\/index.php\/wp-json\/wp\/v2\/product\/1177","targetHints":{"allow":["GET"]}}],"collection":[{"href":"https:\/\/cousiscousa.fr\/index.php\/wp-json\/wp\/v2\/product"}],"about":[{"href":"https:\/\/cousiscousa.fr\/index.php\/wp-json\/wp\/v2\/types\/product"}],"replies":[{"embeddable":true,"href":"https:\/\/cousiscousa.fr\/index.php\/wp-json\/wp\/v2\/comments?post=1177"}],"wp:featuredmedia":[{"embeddable":true,"href":"https:\/\/cousiscousa.fr\/index.php\/wp-json\/wp\/v2\/media\/1179"}],"wp:attachment":[{"href":"https:\/\/cousiscousa.fr\/index.php\/wp-json\/wp\/v2\/media?parent=1177"}],"wp:term":[{"taxonomy":"product_brand","embeddable":true,"href":"https:\/\/cousiscousa.fr\/index.php\/wp-json\/wp\/v2\/product_brand?post=1177"},{"taxonomy":"product_cat","embeddable":true,"href":"https:\/\/cousiscousa.fr\/index.php\/wp-json\/wp\/v2\/product_cat?post=1177"},{"taxonomy":"product_tag","embeddable":true,"href":"https:\/\/cousiscousa.fr\/index.php\/wp-json\/wp\/v2\/product_tag?post=1177"}],"curies":[{"name":"wp","href":"https:\/\/api.w.org\/{rel}","templated":true}]}}