{"id":1214,"date":"2025-02-23T10:46:34","date_gmt":"2025-02-23T09:46:34","guid":{"rendered":"https:\/\/cousiscousa.fr\/?post_type=product&#038;p=1214"},"modified":"2025-02-23T10:58:00","modified_gmt":"2025-02-23T09:58:00","slug":"bilal-lorignal-2","status":"publish","type":"product","link":"https:\/\/cousiscousa.fr\/index.php\/product\/bilal-lorignal-2\/","title":{"rendered":"Bilal, l&rsquo;orignal"},"content":{"rendered":"<p>Une collection tout en douceur pour vos enfants<\/p>\n<h3>Bilal, l&rsquo;orignal<\/h3>\n<p>Roi des for\u00eats Canadiennes, Bilal l&rsquo;orignal est un cervid\u00e9 au c\u0153ur tendre. Ses \u00e9lans de g\u00e9n\u00e9rosit\u00e9 sont d&rsquo;ailleurs r\u00e9put\u00e9s dans toute la contr\u00e9e. Il ne manquera pas de vous faire fondre !<br \/>\nTaille approximative 16 cm.<\/p>\n<h4>Fabrication :<\/h4>\n<p>Les copains des neiges sont r\u00e9alis\u00e9s \u00e0 la main avec amour !<br \/>\nConfectionn\u00e9s avec du fil 100% coton ils sont rembourr\u00e9s avec une ouate de rembourrage en fibre de polyester. Les yeux sont s\u00e9curis\u00e9s et certifi\u00e9s mais s&rsquo; ils sont destin\u00e9s \u00e0 un enfant de moins de 3 ans, il est pr\u00e9f\u00e9rable de les c\u00e2liner sous la surveillance d&rsquo;un adulte.<\/p>\n<h4>Entretien :<\/h4>\n<p>Lavable \u00e0 la main \u00e0 froid avec du savon de Marseille ou en machine \u00e0 30\u00b0.<\/p>\n<h4>A noter :<\/h4>\n<p>Chaque cr\u00e9ation est unique et les couleurs de fils peuvent \u00eatre amen\u00e9es \u00e0 varier. Comptez environ trois semaines pour la r\u00e9alisation et l\u2019envoi de votre joli compagnon.<\/p>\n","protected":false},"excerpt":{"rendered":"<p>Dans un \u00e9lan de tendresse, Bilal l&rsquo;orignal r\u00e9conforte tous les petits tracas du quotidien. Il suffit de le blottir tout contre soi et de savourer un bon chocolat pour oublier tous ses soucis.<\/p>\n<p>Du haut de ses 16 cm il se glisse partout. C&rsquo;est le doudou id\u00e9al pour toutes vos p\u00e9r\u00e9grinations !<\/p>\n","protected":false},"featured_media":1212,"comment_status":"open","ping_status":"closed","template":"","meta":[],"product_brand":[],"product_cat":[51],"product_tag":[],"class_list":{"0":"post-1214","1":"product","2":"type-product","3":"status-publish","4":"has-post-thumbnail","6":"product_cat-copains-des-neiges","8":"first","9":"instock","10":"purchasable","11":"product-type-simple"},"jetpack_sharing_enabled":true,"_links":{"self":[{"href":"https:\/\/cousiscousa.fr\/index.php\/wp-json\/wp\/v2\/product\/1214","targetHints":{"allow":["GET"]}}],"collection":[{"href":"https:\/\/cousiscousa.fr\/index.php\/wp-json\/wp\/v2\/product"}],"about":[{"href":"https:\/\/cousiscousa.fr\/index.php\/wp-json\/wp\/v2\/types\/product"}],"replies":[{"embeddable":true,"href":"https:\/\/cousiscousa.fr\/index.php\/wp-json\/wp\/v2\/comments?post=1214"}],"wp:featuredmedia":[{"embeddable":true,"href":"https:\/\/cousiscousa.fr\/index.php\/wp-json\/wp\/v2\/media\/1212"}],"wp:attachment":[{"href":"https:\/\/cousiscousa.fr\/index.php\/wp-json\/wp\/v2\/media?parent=1214"}],"wp:term":[{"taxonomy":"product_brand","embeddable":true,"href":"https:\/\/cousiscousa.fr\/index.php\/wp-json\/wp\/v2\/product_brand?post=1214"},{"taxonomy":"product_cat","embeddable":true,"href":"https:\/\/cousiscousa.fr\/index.php\/wp-json\/wp\/v2\/product_cat?post=1214"},{"taxonomy":"product_tag","embeddable":true,"href":"https:\/\/cousiscousa.fr\/index.php\/wp-json\/wp\/v2\/product_tag?post=1214"}],"curies":[{"name":"wp","href":"https:\/\/api.w.org\/{rel}","templated":true}]}}