{"id":198,"date":"2023-03-14T15:02:36","date_gmt":"2023-03-14T14:02:36","guid":{"rendered":"https:\/\/cousiscousa.fr\/?post_type=product&#038;p=198"},"modified":"2024-05-29T17:14:43","modified_gmt":"2024-05-29T16:14:43","slug":"diego-le-blaireau","status":"publish","type":"product","link":"https:\/\/cousiscousa.fr\/index.php\/product\/diego-le-blaireau\/","title":{"rendered":"Diego le blaireau"},"content":{"rendered":"<p>Une collection tout en douceur pour vos enfants<\/p>\n<h3>Diego le blaireau<\/h3>\n<p>Diego est un gentil blaireau, timide et r\u00e9serv\u00e9 qui aime le calme et la tranquillit\u00e9. S&rsquo;il se sent en confiance, il n&rsquo;a pas fini de vous \u00e9tonner !<br \/>\nCe mignon petit compagnon mesure 18cm de la t\u00eate aux pieds, et ses grands yeux \u00e9carquill\u00e9s fascinent tous les autres animaux de la for\u00eat ! Il a h\u00e2te de vous rencontrer&#8230;<\/p>\n<h4>Fabrication :<\/h4>\n<p>Les copains des bois sont r\u00e9alis\u00e9s \u00e0 la main avec amour !<br \/>\nConfectionn\u00e9s avec du fil 100% coton ils sont rembourr\u00e9s avec une ouate de rembourrage en fibre de polyester. Les yeux et le museau sont s\u00e9curis\u00e9s et certifi\u00e9s mais s&rsquo;il est destin\u00e9 \u00e0 un enfant de moins de 3 ans, il est pr\u00e9f\u00e9rable de le c\u00e2liner sous la surveillance d&rsquo;un adulte.<\/p>\n<h4>Entretien :<\/h4>\n<p>Lavable \u00e0 la main \u00e0 froid avec du savon de Marseille ou en machine \u00e0 30\u00b0.<\/p>\n<h4>A noter :<\/h4>\n<p>Chaque cr\u00e9ation est unique et les couleurs de fils peuvent \u00eatre amen\u00e9es \u00e0 varier. Comptez environ quatre semaines pour la r\u00e9alisation et l\u2019envoi de votre joli compagnon.<\/p>\n","protected":false},"excerpt":{"rendered":"<p>Diego est un petit compagnon plein de douceur r\u00e9alis\u00e9 \u00e0 la main avec amour. Du haut de ses 18 cm il aimerait trouver un foyer o\u00f9 il se sentirait en s\u00e9curit\u00e9&#8230;<\/p>\n","protected":false},"featured_media":199,"comment_status":"open","ping_status":"closed","template":"","meta":[],"product_brand":[],"product_cat":[15],"product_tag":[],"class_list":{"0":"post-198","1":"product","2":"type-product","3":"status-publish","4":"has-post-thumbnail","6":"product_cat-uncategorized","8":"first","9":"instock","10":"purchasable","11":"product-type-simple"},"jetpack_sharing_enabled":true,"_links":{"self":[{"href":"https:\/\/cousiscousa.fr\/index.php\/wp-json\/wp\/v2\/product\/198","targetHints":{"allow":["GET"]}}],"collection":[{"href":"https:\/\/cousiscousa.fr\/index.php\/wp-json\/wp\/v2\/product"}],"about":[{"href":"https:\/\/cousiscousa.fr\/index.php\/wp-json\/wp\/v2\/types\/product"}],"replies":[{"embeddable":true,"href":"https:\/\/cousiscousa.fr\/index.php\/wp-json\/wp\/v2\/comments?post=198"}],"wp:featuredmedia":[{"embeddable":true,"href":"https:\/\/cousiscousa.fr\/index.php\/wp-json\/wp\/v2\/media\/199"}],"wp:attachment":[{"href":"https:\/\/cousiscousa.fr\/index.php\/wp-json\/wp\/v2\/media?parent=198"}],"wp:term":[{"taxonomy":"product_brand","embeddable":true,"href":"https:\/\/cousiscousa.fr\/index.php\/wp-json\/wp\/v2\/product_brand?post=198"},{"taxonomy":"product_cat","embeddable":true,"href":"https:\/\/cousiscousa.fr\/index.php\/wp-json\/wp\/v2\/product_cat?post=198"},{"taxonomy":"product_tag","embeddable":true,"href":"https:\/\/cousiscousa.fr\/index.php\/wp-json\/wp\/v2\/product_tag?post=198"}],"curies":[{"name":"wp","href":"https:\/\/api.w.org\/{rel}","templated":true}]}}