{"id":203,"date":"2023-03-14T15:19:22","date_gmt":"2023-03-14T14:19:22","guid":{"rendered":"https:\/\/cousiscousa.fr\/?post_type=product&#038;p=203"},"modified":"2024-05-29T17:14:29","modified_gmt":"2024-05-29T16:14:29","slug":"anatole-le-campagnol-2","status":"publish","type":"product","link":"https:\/\/cousiscousa.fr\/index.php\/product\/anatole-le-campagnol-2\/","title":{"rendered":"Anatole le campagnol"},"content":{"rendered":"<p>Une collection tout en douceur pour vos enfants<\/p>\n<h3>Anatole le campagnol<\/h3>\n<p>Anatole est un adorable campagnol, courtois et avis\u00e9 qui se plait partout; \u00e0 la ville comme \u00e0 la campagne ! Avec son sac \u00e0 provisions, il ramasse tout plein de tr\u00e9sors et parfois quand il est chanceux, il parvient m\u00eame \u00e0 trouver un morceau de fromage&#8230;<br \/>\nCe mignon petit compagnon mesure 18cm de la t\u00eate aux pieds, avec sa besace qu&rsquo;il ne quitte jamais c&rsquo;est bien lui le plus pr\u00e9voyant des compagnons de la for\u00eat !<\/p>\n<h4>Fabrication :<\/h4>\n<p>Les copains des bois sont r\u00e9alis\u00e9s \u00e0 la main avec amour !<br \/>\nConfectionn\u00e9s avec du fil 100% coton ils sont rembourr\u00e9s avec une ouate de rembourrage en fibre de polyester. Les yeux et le museau sont s\u00e9curis\u00e9s et certifi\u00e9s mais il vaut mieux le c\u00e2liner sous la surveillance d&rsquo;un adulte s&rsquo;il est destin\u00e9 \u00e0 un enfant de moins de 3 ans.<\/p>\n<h4>Entretien :<\/h4>\n<p>Lavable \u00e0 la main \u00e0 froid avec du savon de Marseille ou en machine \u00e0 30\u00b0.<\/p>\n<h4>A noter :<\/h4>\n<p>Chaque cr\u00e9ation est unique et les couleurs de fils peuvent \u00eatre amen\u00e9es \u00e0 varier. Comptez environ quatre semaines pour la r\u00e9alisation et l\u2019envoi de votre joli compagnon.<\/p>\n","protected":false},"excerpt":{"rendered":"<p>Anatole est un petit compagnon plein d&rsquo;ing\u00e9niosit\u00e9, r\u00e9alis\u00e9 \u00e0 la main avec amour. Du haut de ses 18 cm il parvient \u00e0 se faufiler dans toutes les poches, et pourquoi pas la v\u00f4tre ?<\/p>\n","protected":false},"featured_media":715,"comment_status":"open","ping_status":"closed","template":"","meta":[],"product_brand":[],"product_cat":[15],"product_tag":[],"class_list":{"0":"post-203","1":"product","2":"type-product","3":"status-publish","4":"has-post-thumbnail","6":"product_cat-uncategorized","8":"first","9":"instock","10":"purchasable","11":"product-type-simple"},"jetpack_sharing_enabled":true,"_links":{"self":[{"href":"https:\/\/cousiscousa.fr\/index.php\/wp-json\/wp\/v2\/product\/203","targetHints":{"allow":["GET"]}}],"collection":[{"href":"https:\/\/cousiscousa.fr\/index.php\/wp-json\/wp\/v2\/product"}],"about":[{"href":"https:\/\/cousiscousa.fr\/index.php\/wp-json\/wp\/v2\/types\/product"}],"replies":[{"embeddable":true,"href":"https:\/\/cousiscousa.fr\/index.php\/wp-json\/wp\/v2\/comments?post=203"}],"wp:featuredmedia":[{"embeddable":true,"href":"https:\/\/cousiscousa.fr\/index.php\/wp-json\/wp\/v2\/media\/715"}],"wp:attachment":[{"href":"https:\/\/cousiscousa.fr\/index.php\/wp-json\/wp\/v2\/media?parent=203"}],"wp:term":[{"taxonomy":"product_brand","embeddable":true,"href":"https:\/\/cousiscousa.fr\/index.php\/wp-json\/wp\/v2\/product_brand?post=203"},{"taxonomy":"product_cat","embeddable":true,"href":"https:\/\/cousiscousa.fr\/index.php\/wp-json\/wp\/v2\/product_cat?post=203"},{"taxonomy":"product_tag","embeddable":true,"href":"https:\/\/cousiscousa.fr\/index.php\/wp-json\/wp\/v2\/product_tag?post=203"}],"curies":[{"name":"wp","href":"https:\/\/api.w.org\/{rel}","templated":true}]}}