{"id":208,"date":"2023-03-14T15:24:29","date_gmt":"2023-03-14T14:24:29","guid":{"rendered":"https:\/\/cousiscousa.fr\/?post_type=product&#038;p=208"},"modified":"2024-05-29T17:14:11","modified_gmt":"2024-05-29T16:14:11","slug":"toinou-le-loup","status":"publish","type":"product","link":"https:\/\/cousiscousa.fr\/index.php\/product\/toinou-le-loup\/","title":{"rendered":"Toinou le loup"},"content":{"rendered":"<p>Une collection tout en douceur pour vos enfants<\/p>\n<h3>Toinou le loup<\/h3>\n<p>Toinou est un affectueux petit loup, espi\u00e8gle et t\u00e9m\u00e9raire qui ne manque pas une occasion de s&rsquo;amuser ! Toujours partant pour l&rsquo;aventure, il est d&rsquo;excellente compagnie, c&rsquo;est de bon augure !<br \/>\nCe mignon petit compagnon mesure 18cm de la t\u00eate aux pieds, qu&rsquo;attendez vous pour l&rsquo;adopter ?<\/p>\n<h4>Fabrication :<\/h4>\n<p>Les copains des bois sont r\u00e9alis\u00e9s \u00e0 la main avec amour !<br \/>\nConfectionn\u00e9s avec du fil 100% coton ils sont rembourr\u00e9s avec une ouate de rembourrage en fibre de polyester. Les yeux et le museau sont s\u00e9curis\u00e9s et certifi\u00e9s mais il vaut mieux le c\u00e2liner sous la surveillance d&rsquo;un adulte.<\/p>\n<h4>Entretien :<\/h4>\n<p>Lavable \u00e0 la main \u00e0 froid avec du savon de Marseille ou en machine \u00e0 30\u00b0.<\/p>\n<h4>A noter :<\/h4>\n<p>Chaque cr\u00e9ation est unique et les couleurs de fils peuvent \u00eatre amen\u00e9es \u00e0 varier. Comptez environ quatre semaines pour la r\u00e9alisation et l\u2019envoi de votre joli compagnon.<\/p>\n","protected":false},"excerpt":{"rendered":"<p>Toinou le petit loup t\u00e9m\u00e9raire et intr\u00e9pide n&rsquo;attend plus que vous pour partir \u00e0 l&rsquo;aventure. Du haut de ses 18cm, vous pourrez l&#8217;emmener partout !<\/p>\n","protected":false},"featured_media":209,"comment_status":"open","ping_status":"closed","template":"","meta":[],"product_brand":[],"product_cat":[15],"product_tag":[],"class_list":{"0":"post-208","1":"product","2":"type-product","3":"status-publish","4":"has-post-thumbnail","6":"product_cat-uncategorized","8":"first","9":"instock","10":"purchasable","11":"product-type-simple"},"jetpack_sharing_enabled":true,"_links":{"self":[{"href":"https:\/\/cousiscousa.fr\/index.php\/wp-json\/wp\/v2\/product\/208","targetHints":{"allow":["GET"]}}],"collection":[{"href":"https:\/\/cousiscousa.fr\/index.php\/wp-json\/wp\/v2\/product"}],"about":[{"href":"https:\/\/cousiscousa.fr\/index.php\/wp-json\/wp\/v2\/types\/product"}],"replies":[{"embeddable":true,"href":"https:\/\/cousiscousa.fr\/index.php\/wp-json\/wp\/v2\/comments?post=208"}],"wp:featuredmedia":[{"embeddable":true,"href":"https:\/\/cousiscousa.fr\/index.php\/wp-json\/wp\/v2\/media\/209"}],"wp:attachment":[{"href":"https:\/\/cousiscousa.fr\/index.php\/wp-json\/wp\/v2\/media?parent=208"}],"wp:term":[{"taxonomy":"product_brand","embeddable":true,"href":"https:\/\/cousiscousa.fr\/index.php\/wp-json\/wp\/v2\/product_brand?post=208"},{"taxonomy":"product_cat","embeddable":true,"href":"https:\/\/cousiscousa.fr\/index.php\/wp-json\/wp\/v2\/product_cat?post=208"},{"taxonomy":"product_tag","embeddable":true,"href":"https:\/\/cousiscousa.fr\/index.php\/wp-json\/wp\/v2\/product_tag?post=208"}],"curies":[{"name":"wp","href":"https:\/\/api.w.org\/{rel}","templated":true}]}}