{"id":213,"date":"2023-03-17T08:49:49","date_gmt":"2023-03-17T07:49:49","guid":{"rendered":"https:\/\/cousiscousa.fr\/?post_type=product&#038;p=213"},"modified":"2023-03-31T18:06:34","modified_gmt":"2023-03-31T17:06:34","slug":"harold-le-bouledogue","status":"publish","type":"product","link":"https:\/\/cousiscousa.fr\/index.php\/product\/harold-le-bouledogue\/","title":{"rendered":"Harold le bouledogue"},"content":{"rendered":"<h3>Harold le bouledogue<\/h3>\n<p>Harold est un bouledogue des plus distingu\u00e9s, qui ne quitte son n\u0153ud papillon sous aucun pr\u00e9texte ! S&rsquo;il est parfois un peu remuant, il vient se blottir tout contre vous \u00e0 la nuit tomb\u00e9e et on lui c\u00e8de bien volontiers un bout de son \u00e9dredon.<br \/>\nCet adorable compagnon mesure 25cm de la t\u00eate aux pieds, qu&rsquo;attendez vous pour l&rsquo;adopter ?<\/p>\n<h4>Fabrication :<\/h4>\n<p>Harold est r\u00e9alis\u00e9 \u00e0 la main avec amour !<br \/>\nConfectionn\u00e9 avec du fil 100% coton il est rembourr\u00e9 avec une ouate de rembourrage en fibre de polyester. Les yeux sont s\u00e9curis\u00e9s et certifi\u00e9s et le museau joliment brod\u00e9 mais il vaut mieux le c\u00e2liner sous la surveillance d&rsquo;un adulte s&rsquo;il est destin\u00e9 \u00e0 un enfant de moins de 3 ans. Le n\u0153ud papillon est fix\u00e9 \u00e0 l&rsquo;aide d&rsquo;un petit bouton.<\/p>\n<h4>Entretien :<\/h4>\n<p>Lavable \u00e0 la main \u00e0 froid avec du savon de Marseille ou en machine \u00e0 30\u00b0.<\/p>\n<h4>A noter :<\/h4>\n<p>Chaque cr\u00e9ation est unique et les couleurs de fils peuvent \u00eatre amen\u00e9es \u00e0 varier. Comptez environ quatre semaines pour la r\u00e9alisation et l\u2019envoi de votre chien.<\/p>\n","protected":false},"excerpt":{"rendered":"<p>Harold le grand bouledogue veille sur le troupeau . Chic et \u00e9l\u00e9gant en toute occasion il r\u00eave de devenir votre compagnon !<\/p>\n","protected":false},"featured_media":214,"comment_status":"open","ping_status":"closed","template":"","meta":[],"product_brand":[],"product_cat":[25],"product_tag":[],"class_list":{"0":"post-213","1":"product","2":"type-product","3":"status-publish","4":"has-post-thumbnail","6":"product_cat-dans-la-ferme-de-mathurin","8":"first","9":"instock","10":"purchasable","11":"product-type-simple"},"jetpack_sharing_enabled":true,"_links":{"self":[{"href":"https:\/\/cousiscousa.fr\/index.php\/wp-json\/wp\/v2\/product\/213","targetHints":{"allow":["GET"]}}],"collection":[{"href":"https:\/\/cousiscousa.fr\/index.php\/wp-json\/wp\/v2\/product"}],"about":[{"href":"https:\/\/cousiscousa.fr\/index.php\/wp-json\/wp\/v2\/types\/product"}],"replies":[{"embeddable":true,"href":"https:\/\/cousiscousa.fr\/index.php\/wp-json\/wp\/v2\/comments?post=213"}],"wp:featuredmedia":[{"embeddable":true,"href":"https:\/\/cousiscousa.fr\/index.php\/wp-json\/wp\/v2\/media\/214"}],"wp:attachment":[{"href":"https:\/\/cousiscousa.fr\/index.php\/wp-json\/wp\/v2\/media?parent=213"}],"wp:term":[{"taxonomy":"product_brand","embeddable":true,"href":"https:\/\/cousiscousa.fr\/index.php\/wp-json\/wp\/v2\/product_brand?post=213"},{"taxonomy":"product_cat","embeddable":true,"href":"https:\/\/cousiscousa.fr\/index.php\/wp-json\/wp\/v2\/product_cat?post=213"},{"taxonomy":"product_tag","embeddable":true,"href":"https:\/\/cousiscousa.fr\/index.php\/wp-json\/wp\/v2\/product_tag?post=213"}],"curies":[{"name":"wp","href":"https:\/\/api.w.org\/{rel}","templated":true}]}}