{"id":244,"date":"2023-03-17T11:05:06","date_gmt":"2023-03-17T10:05:06","guid":{"rendered":"https:\/\/cousiscousa.fr\/?post_type=product&#038;p=244"},"modified":"2023-03-31T18:04:43","modified_gmt":"2023-03-31T17:04:43","slug":"le-faon","status":"publish","type":"product","link":"https:\/\/cousiscousa.fr\/index.php\/product\/le-faon\/","title":{"rendered":"Le faon"},"content":{"rendered":"<p>Une collection tout en douceur pour votre tout petit.<\/p>\n<h3>Le tout doux faon<\/h3>\n<p>Le tout doux faon est aux abois, dans le bois se cache le loup (hou hou hou hou), venez le rassurer ! Apaisant et amical il saura r\u00e9conforter tous les chagrins du monde gr\u00e2ce \u00e0 sa texture \u00ab bigo\u00fbt \u00bb : Une face r\u00e9alis\u00e9e en tissu lange tr\u00e8s agr\u00e9able et l\u2019autre en fourrure, incroyablement douce.<br \/>\nLa t\u00eate crochet\u00e9e \u00e0 la main permet \u00e9galement de varier les textures et de d\u00e9velopper l\u2019\u00e9veil sensoriel de votre tout petit.<\/p>\n<h4>Fabrication :<\/h4>\n<p>Les tout doux sont r\u00e9alis\u00e9s \u00e0 la main avec amour !<br \/>\nConfectionn\u00e9s avec du fil de coton et du tissu (coton et synth\u00e9tique) ils sont rembourr\u00e9s avec une ouate de rembourrage en fibre de polyester. Les yeux et le nez sont joliment brod\u00e9s. Si vous les voyez rougir, ce n\u2019est pas par timidit\u00e9, et si les couleurs s\u2019estompent vous pouvez peaufiner leur joli minois en ajoutant une l\u00e9g\u00e8re touche de blush.<\/p>\n<h4>Entretien :<\/h4>\n<p>Lavable \u00e0 la main \u00e0 froid avec du savon de Marseille.<\/p>\n<h4>A noter :<\/h4>\n<p>Chaque cr\u00e9ation est unique et les tissus ou les couleurs de fils peuvent \u00eatre amen\u00e9s \u00e0 varier. Comptez environ quatre semaines pour la r\u00e9alisation et l\u2019envoi de votre joli tout doux.<\/p>\n","protected":false},"excerpt":{"rendered":"<p>Le tout doux faon a enfil\u00e9 son plus beau bonnet de nuit pour r\u00e9conforter votre tout petit !<br \/>\nApaisant, amical et r\u00e9alis\u00e9 enti\u00e8rement \u00e0 la main avec amour ce petit faon est le doudou id\u00e9al pour votre bout de chou, on peut m\u00eame lui confier une t\u00e9tine qu\u2019il saura nouer \u00e0 ses jambes de tissu pour \u00eatre s\u00fbr de ne pas la perdre !<\/p>\n","protected":false},"featured_media":247,"comment_status":"open","ping_status":"closed","template":"","meta":[],"product_brand":[],"product_cat":[17],"product_tag":[],"class_list":{"0":"post-244","1":"product","2":"type-product","3":"status-publish","4":"has-post-thumbnail","6":"product_cat-clothing","8":"first","9":"instock","10":"taxable","11":"shipping-taxable","12":"purchasable","13":"product-type-simple"},"jetpack_sharing_enabled":true,"_links":{"self":[{"href":"https:\/\/cousiscousa.fr\/index.php\/wp-json\/wp\/v2\/product\/244","targetHints":{"allow":["GET"]}}],"collection":[{"href":"https:\/\/cousiscousa.fr\/index.php\/wp-json\/wp\/v2\/product"}],"about":[{"href":"https:\/\/cousiscousa.fr\/index.php\/wp-json\/wp\/v2\/types\/product"}],"replies":[{"embeddable":true,"href":"https:\/\/cousiscousa.fr\/index.php\/wp-json\/wp\/v2\/comments?post=244"}],"wp:featuredmedia":[{"embeddable":true,"href":"https:\/\/cousiscousa.fr\/index.php\/wp-json\/wp\/v2\/media\/247"}],"wp:attachment":[{"href":"https:\/\/cousiscousa.fr\/index.php\/wp-json\/wp\/v2\/media?parent=244"}],"wp:term":[{"taxonomy":"product_brand","embeddable":true,"href":"https:\/\/cousiscousa.fr\/index.php\/wp-json\/wp\/v2\/product_brand?post=244"},{"taxonomy":"product_cat","embeddable":true,"href":"https:\/\/cousiscousa.fr\/index.php\/wp-json\/wp\/v2\/product_cat?post=244"},{"taxonomy":"product_tag","embeddable":true,"href":"https:\/\/cousiscousa.fr\/index.php\/wp-json\/wp\/v2\/product_tag?post=244"}],"curies":[{"name":"wp","href":"https:\/\/api.w.org\/{rel}","templated":true}]}}