{"id":255,"date":"2023-03-17T11:27:53","date_gmt":"2023-03-17T10:27:53","guid":{"rendered":"https:\/\/cousiscousa.fr\/?post_type=product&#038;p=255"},"modified":"2023-04-14T13:10:14","modified_gmt":"2023-04-14T12:10:14","slug":"gontran-lelephant","status":"publish","type":"product","link":"https:\/\/cousiscousa.fr\/index.php\/product\/gontran-lelephant\/","title":{"rendered":"Gontran l&rsquo;\u00e9l\u00e9phant"},"content":{"rendered":"<h3>Gontran l&rsquo;\u00e9l\u00e9phant<\/h3>\n<p>Gontran est un \u00e9l\u00e9phant tr\u00e8s attachant et gentil qui ne r\u00eave que de devenir votre ami. Son air bourru ne trompe personne, il a un c\u0153ur gros comme lui !<br \/>\nGontran mesure 22cm et ne risque pas de casser votre porcelaine, on le lui a bien expliquer, d\u00e9fense d&rsquo;y toucher !<\/p>\n<h4>Fabrication :<\/h4>\n<p>Gontran est r\u00e9alis\u00e9 \u00e0 la main avec amour !<br \/>\nConfectionn\u00e9 avec du fil 100% coton il est rembourr\u00e9 avec une ouate de rembourrage en fibre de polyester. Les yeux sont brod\u00e9s pour plus de s\u00e9curit\u00e9.<\/p>\n<h4>Entretien :<\/h4>\n<p>Lavable \u00e0 la main \u00e0 froid avec du savon de Marseille ou en machine \u00e0 30\u00b0.<\/p>\n<h4>A noter :<\/h4>\n<p>Chaque cr\u00e9ation est unique et les couleurs de fils peuvent \u00eatre amen\u00e9es \u00e0 varier. Comptez environ quatre semaines pour la r\u00e9alisation et l\u2019envoi de votre joli compagnon.<\/p>\n","protected":false},"excerpt":{"rendered":"<p>Gontran, l&rsquo;adorable \u00e9l\u00e9phant ne trompe personne malgr\u00e9 son imposante stature, il est sans d\u00e9fense&#8230;<br \/>\nN&rsquo;attendez plus et empressez vous de l&rsquo;adopter. Il saura \u00e0 coups s\u00fbrs vous r\u00e9conforter !<\/p>\n","protected":false},"featured_media":740,"comment_status":"open","ping_status":"closed","template":"","meta":[],"product_brand":[],"product_cat":[26],"product_tag":[],"class_list":{"0":"post-255","1":"product","2":"type-product","3":"status-publish","4":"has-post-thumbnail","6":"product_cat-30-millions-damis","8":"first","9":"instock","10":"purchasable","11":"product-type-simple"},"jetpack_sharing_enabled":true,"_links":{"self":[{"href":"https:\/\/cousiscousa.fr\/index.php\/wp-json\/wp\/v2\/product\/255","targetHints":{"allow":["GET"]}}],"collection":[{"href":"https:\/\/cousiscousa.fr\/index.php\/wp-json\/wp\/v2\/product"}],"about":[{"href":"https:\/\/cousiscousa.fr\/index.php\/wp-json\/wp\/v2\/types\/product"}],"replies":[{"embeddable":true,"href":"https:\/\/cousiscousa.fr\/index.php\/wp-json\/wp\/v2\/comments?post=255"}],"wp:featuredmedia":[{"embeddable":true,"href":"https:\/\/cousiscousa.fr\/index.php\/wp-json\/wp\/v2\/media\/740"}],"wp:attachment":[{"href":"https:\/\/cousiscousa.fr\/index.php\/wp-json\/wp\/v2\/media?parent=255"}],"wp:term":[{"taxonomy":"product_brand","embeddable":true,"href":"https:\/\/cousiscousa.fr\/index.php\/wp-json\/wp\/v2\/product_brand?post=255"},{"taxonomy":"product_cat","embeddable":true,"href":"https:\/\/cousiscousa.fr\/index.php\/wp-json\/wp\/v2\/product_cat?post=255"},{"taxonomy":"product_tag","embeddable":true,"href":"https:\/\/cousiscousa.fr\/index.php\/wp-json\/wp\/v2\/product_tag?post=255"}],"curies":[{"name":"wp","href":"https:\/\/api.w.org\/{rel}","templated":true}]}}