{"id":312,"date":"2023-03-23T07:57:29","date_gmt":"2023-03-23T06:57:29","guid":{"rendered":"https:\/\/cousiscousa.fr\/?post_type=product&#038;p=312"},"modified":"2023-04-18T08:18:17","modified_gmt":"2023-04-18T07:18:17","slug":"abelard-le-renard-2","status":"publish","type":"product","link":"https:\/\/cousiscousa.fr\/index.php\/product\/abelard-le-renard-2\/","title":{"rendered":"Ab\u00e9lard le renard"},"content":{"rendered":"<h3 style=\"text-align: left;\">Ab\u00e9lard, le renard<\/h3>\n<p>D\u00e9couvrez le patron d&rsquo;Ab\u00e9lard, un ravissant renard qui illumine la for\u00eat de son joli pelage roux. Sans mentir c&rsquo;est lui le Phoenix des h\u00f4tes du bois , pas une singuli\u00e8re corneille !<\/p>\n<p>Le patron est un fichier num\u00e9rique, au format PDF, contenant des instructions d\u00e9taill\u00e9es ainsi que\u00a0 photos \u00ab pas \u00e0 pas \u00bb pour vous aider \u00e0 r\u00e9aliser votre renard.<\/p>\n<h3>Niveau de difficult\u00e9 : Interm\u00e9diaire<\/h3>\n<p>Savoir r\u00e9aliser les points suivants : anneau magique, maille cha\u00eenette, maille en l\u2019air, maille serr\u00e9e, maille coul\u00e9e, augmentation, diminution, demi-bride, bride.<\/p>\n<h3>Mat\u00e9riel<\/h3>\n<ul>\n<li>Fils 100 % coton<\/li>\n<li>Crochet de 2.00 mm<\/li>\n<li>Ouate de rembourrage<\/li>\n<li>Aiguille \u00e0 laine ou \u00e0 broder<\/li>\n<li>yeux\/ museau s\u00e9curis\u00e9s<\/li>\n<li>Une paire de ciseaux<\/li>\n<\/ul>\n<h4>A noter :<\/h4>\n<p>Apr\u00e8s le paiement, vous recevez un e-mail afin de t\u00e9l\u00e9charger votre patron. Le patron, en raison de sa nature num\u00e9rique et t\u00e9l\u00e9chargeable, ne pourra \u00eatre ni \u00e9chang\u00e9 ni rembours\u00e9.<\/p>\n<p>Ceci est le patron pour r\u00e9aliser Ab\u00e9lard, le renard <strong>ce n\u2019est pas le produit fini<\/strong>\u00a0!<\/p>\n<p>&nbsp;<\/p>\n<p>&nbsp;<\/p>\n<p style=\"text-align: center;\">Copyright \u00a9 2023 Cousiscousa \u2013 Tous droits r\u00e9serv\u00e9s.<\/p>\n","protected":false},"excerpt":{"rendered":"<p>Patron au format PDF, pour r\u00e9aliser au crochet ce ravissant petit renard roux, le digne repr\u00e9sentant des copains des bois !<\/p>\n","protected":false},"featured_media":314,"comment_status":"open","ping_status":"closed","template":"","meta":[],"product_brand":[],"product_cat":[40,20],"product_tag":[],"class_list":{"0":"post-312","1":"product","2":"type-product","3":"status-publish","4":"has-post-thumbnail","6":"product_cat-patrons-copains-des-bois","7":"product_cat-patrons","9":"first","10":"instock","11":"featured","12":"downloadable","13":"virtual","14":"purchasable","15":"product-type-simple"},"jetpack_sharing_enabled":true,"_links":{"self":[{"href":"https:\/\/cousiscousa.fr\/index.php\/wp-json\/wp\/v2\/product\/312","targetHints":{"allow":["GET"]}}],"collection":[{"href":"https:\/\/cousiscousa.fr\/index.php\/wp-json\/wp\/v2\/product"}],"about":[{"href":"https:\/\/cousiscousa.fr\/index.php\/wp-json\/wp\/v2\/types\/product"}],"replies":[{"embeddable":true,"href":"https:\/\/cousiscousa.fr\/index.php\/wp-json\/wp\/v2\/comments?post=312"}],"wp:featuredmedia":[{"embeddable":true,"href":"https:\/\/cousiscousa.fr\/index.php\/wp-json\/wp\/v2\/media\/314"}],"wp:attachment":[{"href":"https:\/\/cousiscousa.fr\/index.php\/wp-json\/wp\/v2\/media?parent=312"}],"wp:term":[{"taxonomy":"product_brand","embeddable":true,"href":"https:\/\/cousiscousa.fr\/index.php\/wp-json\/wp\/v2\/product_brand?post=312"},{"taxonomy":"product_cat","embeddable":true,"href":"https:\/\/cousiscousa.fr\/index.php\/wp-json\/wp\/v2\/product_cat?post=312"},{"taxonomy":"product_tag","embeddable":true,"href":"https:\/\/cousiscousa.fr\/index.php\/wp-json\/wp\/v2\/product_tag?post=312"}],"curies":[{"name":"wp","href":"https:\/\/api.w.org\/{rel}","templated":true}]}}