{"id":385,"date":"2023-03-30T19:42:26","date_gmt":"2023-03-30T18:42:26","guid":{"rendered":"https:\/\/cousiscousa.fr\/?post_type=product&#038;p=385"},"modified":"2023-04-02T16:31:31","modified_gmt":"2023-04-02T15:31:31","slug":"nini","status":"publish","type":"product","link":"https:\/\/cousiscousa.fr\/index.php\/product\/nini\/","title":{"rendered":"Nini petite souris"},"content":{"rendered":"<h3>Nini petite souris<\/h3>\n<p>Du haut de ses 12 cm Nini est une charmante petite souris qui viendra glisser une pi\u00e8ce sous l&rsquo;\u00e9dredon en \u00e9change d&rsquo;une dent de lait.<\/p>\n<h4>Fabrication :<\/h4>\n<p>Nini est r\u00e9alis\u00e9e \u00e0 la main avec amour !<br \/>\nConfectionn\u00e9 avec du fil 100% coton il est rembourr\u00e9 avec une ouate de rembourrage en fibre de polyester. Les yeux et le museau sont joliment brod\u00e9s.<\/p>\n<h4>Entretien :<\/h4>\n<p>Lavable \u00e0 la main \u00e0 froid avec du savon de Marseille ou en machine \u00e0 30\u00b0.<\/p>\n<h4>A noter :<\/h4>\n<p>Chaque cr\u00e9ation est unique et les couleurs de fils peuvent \u00eatre amen\u00e9es \u00e0 varier. Comptez environ quatre semaines pour la r\u00e9alisation et l\u2019envoi de votre petite souris.<\/p>\n","protected":false},"excerpt":{"rendered":"<p>Nini est une petite souris tr\u00e8s ordonn\u00e9e qui range m\u00e9ticuleusement ses sous et les dents de lait r\u00e9colt\u00e9es dans sa poche ventrale. Du haut de ses 11 cm elle se dissimule sous tous les oreillers !<\/p>\n<p>&nbsp;<\/p>\n","protected":false},"featured_media":380,"comment_status":"open","ping_status":"closed","template":"","meta":[],"product_brand":[],"product_cat":[26],"product_tag":[],"class_list":{"0":"post-385","1":"product","2":"type-product","3":"status-publish","4":"has-post-thumbnail","6":"product_cat-30-millions-damis","8":"first","9":"instock","10":"purchasable","11":"product-type-simple"},"jetpack_sharing_enabled":true,"_links":{"self":[{"href":"https:\/\/cousiscousa.fr\/index.php\/wp-json\/wp\/v2\/product\/385","targetHints":{"allow":["GET"]}}],"collection":[{"href":"https:\/\/cousiscousa.fr\/index.php\/wp-json\/wp\/v2\/product"}],"about":[{"href":"https:\/\/cousiscousa.fr\/index.php\/wp-json\/wp\/v2\/types\/product"}],"replies":[{"embeddable":true,"href":"https:\/\/cousiscousa.fr\/index.php\/wp-json\/wp\/v2\/comments?post=385"}],"wp:featuredmedia":[{"embeddable":true,"href":"https:\/\/cousiscousa.fr\/index.php\/wp-json\/wp\/v2\/media\/380"}],"wp:attachment":[{"href":"https:\/\/cousiscousa.fr\/index.php\/wp-json\/wp\/v2\/media?parent=385"}],"wp:term":[{"taxonomy":"product_brand","embeddable":true,"href":"https:\/\/cousiscousa.fr\/index.php\/wp-json\/wp\/v2\/product_brand?post=385"},{"taxonomy":"product_cat","embeddable":true,"href":"https:\/\/cousiscousa.fr\/index.php\/wp-json\/wp\/v2\/product_cat?post=385"},{"taxonomy":"product_tag","embeddable":true,"href":"https:\/\/cousiscousa.fr\/index.php\/wp-json\/wp\/v2\/product_tag?post=385"}],"curies":[{"name":"wp","href":"https:\/\/api.w.org\/{rel}","templated":true}]}}