{"id":415,"date":"2023-03-31T16:12:59","date_gmt":"2023-03-31T15:12:59","guid":{"rendered":"https:\/\/cousiscousa.fr\/?post_type=product&#038;p=415"},"modified":"2024-05-29T17:09:59","modified_gmt":"2024-05-29T16:09:59","slug":"lagneau-pascal","status":"publish","type":"product","link":"https:\/\/cousiscousa.fr\/index.php\/product\/lagneau-pascal\/","title":{"rendered":"L&rsquo;agneau Pascal"},"content":{"rendered":"<h3>L&rsquo;agneau Pascal<\/h3>\n<p>Pascal est un petit compagnon tendre,\u00a0 attachant, vous l&rsquo;aurez compris, il est doux comme un agneau. Perfectionniste il r\u00eave de trouver le meilleur des foyers et cherche sans rel\u00e2che le mouton \u00e0 cinq pattes !<\/p>\n<h4>Fabrication :<\/h4>\n<p>Pascal est r\u00e9alis\u00e9 \u00e0 la main avec amour !<br \/>\nConfectionn\u00e9 avec du fil 100% coton il est rembourr\u00e9 avec une ouate de rembourrage en fibre de polyester. Les yeux et le museau sont joliment brod\u00e9s.<\/p>\n<h4>Entretien :<\/h4>\n<p>Lavable \u00e0 la main \u00e0 froid avec du savon de Marseille ou en machine \u00e0 30\u00b0.<\/p>\n<h4>A noter :<\/h4>\n<p>Chaque cr\u00e9ation est unique et les couleurs de fils peuvent \u00eatre amen\u00e9es \u00e0 varier. Comptez environ quatre semaines pour la r\u00e9alisation et l\u2019envoi de votre agneau Pascal.<\/p>\n","protected":false},"excerpt":{"rendered":"<p>Pascal est un petit agneau tr\u00e8s attachant qui adore s&rsquo;amuser, il trouve toujours de bonnes id\u00e9es, entre marelle et saute mouton, pas le temps de s&rsquo;ennuyer. Mais revenons \u00e0 nos moutons, qu&rsquo;attendez vous pour l&rsquo;adopter ?<\/p>\n","protected":false},"featured_media":417,"comment_status":"open","ping_status":"closed","template":"","meta":[],"product_brand":[],"product_cat":[25],"product_tag":[],"class_list":{"0":"post-415","1":"product","2":"type-product","3":"status-publish","4":"has-post-thumbnail","6":"product_cat-dans-la-ferme-de-mathurin","8":"first","9":"instock","10":"purchasable","11":"product-type-simple"},"jetpack_sharing_enabled":true,"_links":{"self":[{"href":"https:\/\/cousiscousa.fr\/index.php\/wp-json\/wp\/v2\/product\/415","targetHints":{"allow":["GET"]}}],"collection":[{"href":"https:\/\/cousiscousa.fr\/index.php\/wp-json\/wp\/v2\/product"}],"about":[{"href":"https:\/\/cousiscousa.fr\/index.php\/wp-json\/wp\/v2\/types\/product"}],"replies":[{"embeddable":true,"href":"https:\/\/cousiscousa.fr\/index.php\/wp-json\/wp\/v2\/comments?post=415"}],"wp:featuredmedia":[{"embeddable":true,"href":"https:\/\/cousiscousa.fr\/index.php\/wp-json\/wp\/v2\/media\/417"}],"wp:attachment":[{"href":"https:\/\/cousiscousa.fr\/index.php\/wp-json\/wp\/v2\/media?parent=415"}],"wp:term":[{"taxonomy":"product_brand","embeddable":true,"href":"https:\/\/cousiscousa.fr\/index.php\/wp-json\/wp\/v2\/product_brand?post=415"},{"taxonomy":"product_cat","embeddable":true,"href":"https:\/\/cousiscousa.fr\/index.php\/wp-json\/wp\/v2\/product_cat?post=415"},{"taxonomy":"product_tag","embeddable":true,"href":"https:\/\/cousiscousa.fr\/index.php\/wp-json\/wp\/v2\/product_tag?post=415"}],"curies":[{"name":"wp","href":"https:\/\/api.w.org\/{rel}","templated":true}]}}