{"id":420,"date":"2023-03-31T16:27:29","date_gmt":"2023-03-31T15:27:29","guid":{"rendered":"https:\/\/cousiscousa.fr\/?post_type=product&#038;p=420"},"modified":"2023-03-31T17:48:20","modified_gmt":"2023-03-31T16:48:20","slug":"arlette","status":"publish","type":"product","link":"https:\/\/cousiscousa.fr\/index.php\/product\/arlette\/","title":{"rendered":"Arlette la chevrette"},"content":{"rendered":"<h3>Arlette la chevrette<\/h3>\n<p>Arlette est une ravissante petite chevrette gentille et conciliante qui se plie en quatre pour ses amis. C&rsquo;est vrai elle fait tout ce qu&rsquo;elle peut pour m\u00e9nager la ch\u00e8vre et le chou, un vrai atout !<\/p>\n<h4>Fabrication :<\/h4>\n<p>Arlette est r\u00e9alis\u00e9e \u00e0 la main avec amour !<br \/>\nConfectionn\u00e9 avec du fil 100% coton il est rembourr\u00e9 avec une ouate de rembourrage en fibre de polyester. Les yeux et le museau sont joliment brod\u00e9s. Si elle est destin\u00e9e \u00e0 un tout petit , il vaut mieux la c\u00e2liner en pr\u00e9sence d&rsquo;un adulte.<\/p>\n<h4>Entretien :<\/h4>\n<p>Lavable \u00e0 la main \u00e0 froid avec du savon de Marseille ou en machine \u00e0 30\u00b0.<\/p>\n<h4>A noter :<\/h4>\n<p>Chaque cr\u00e9ation est unique et les couleurs de fils peuvent \u00eatre amen\u00e9es \u00e0 varier. Comptez environ quatre semaines pour la r\u00e9alisation et l\u2019envoi de votre biquette.<\/p>\n","protected":false},"excerpt":{"rendered":"<p>Arlette est une adorable biquette serviable et sympathique qui ne vous fera certainement pas devenir ch\u00e8vre !<\/p>\n<p>&nbsp;<\/p>\n","protected":false},"featured_media":421,"comment_status":"open","ping_status":"closed","template":"","meta":[],"product_brand":[],"product_cat":[25],"product_tag":[],"class_list":{"0":"post-420","1":"product","2":"type-product","3":"status-publish","4":"has-post-thumbnail","6":"product_cat-dans-la-ferme-de-mathurin","8":"first","9":"instock","10":"purchasable","11":"product-type-simple"},"jetpack_sharing_enabled":true,"_links":{"self":[{"href":"https:\/\/cousiscousa.fr\/index.php\/wp-json\/wp\/v2\/product\/420","targetHints":{"allow":["GET"]}}],"collection":[{"href":"https:\/\/cousiscousa.fr\/index.php\/wp-json\/wp\/v2\/product"}],"about":[{"href":"https:\/\/cousiscousa.fr\/index.php\/wp-json\/wp\/v2\/types\/product"}],"replies":[{"embeddable":true,"href":"https:\/\/cousiscousa.fr\/index.php\/wp-json\/wp\/v2\/comments?post=420"}],"wp:featuredmedia":[{"embeddable":true,"href":"https:\/\/cousiscousa.fr\/index.php\/wp-json\/wp\/v2\/media\/421"}],"wp:attachment":[{"href":"https:\/\/cousiscousa.fr\/index.php\/wp-json\/wp\/v2\/media?parent=420"}],"wp:term":[{"taxonomy":"product_brand","embeddable":true,"href":"https:\/\/cousiscousa.fr\/index.php\/wp-json\/wp\/v2\/product_brand?post=420"},{"taxonomy":"product_cat","embeddable":true,"href":"https:\/\/cousiscousa.fr\/index.php\/wp-json\/wp\/v2\/product_cat?post=420"},{"taxonomy":"product_tag","embeddable":true,"href":"https:\/\/cousiscousa.fr\/index.php\/wp-json\/wp\/v2\/product_tag?post=420"}],"curies":[{"name":"wp","href":"https:\/\/api.w.org\/{rel}","templated":true}]}}