{"id":485,"date":"2023-04-12T10:53:32","date_gmt":"2023-04-12T09:53:32","guid":{"rendered":"https:\/\/cousiscousa.fr\/?post_type=product&#038;p=485"},"modified":"2024-08-21T08:37:56","modified_gmt":"2024-08-21T07:37:56","slug":"gedeonlourson","status":"publish","type":"product","link":"https:\/\/cousiscousa.fr\/index.php\/product\/gedeonlourson\/","title":{"rendered":"G\u00e9d\u00e9on l&rsquo;ourson"},"content":{"rendered":"<p>Une collection tout en douceur pour vos enfants<\/p>\n<h3>G\u00e9d\u00e9on l&rsquo;ourson<\/h3>\n<p>G\u00e9d\u00e9on est un adorable petit ourson certes un tantinet frileux mais qui n&rsquo;a pas pour autant froid aux yeux. Son adage favori : \u00ab\u00a0Pas besoin de soleil quand on a des rayons de miel !\u00a0\u00bb. Vous l&rsquo;aurez compris, G\u00e9d\u00e9on poss\u00e8de un optimisme \u00e0 toute \u00e9preuve et deviendra vite votre meilleur ami !<\/p>\n<p>Les copains des bois sont r\u00e9alis\u00e9s \u00e0 la main avec amour !<br \/>\nConfectionn\u00e9s avec du fil 100% coton ils sont rembourr\u00e9s avec une ouate de rembourrage en fibre de polyester. Les yeux et le museau sont s\u00e9curis\u00e9s et certifi\u00e9s mais il vaut mieux le c\u00e2liner sous la surveillance d&rsquo;un adulte.<\/p>\n<h4>Entretien :<\/h4>\n<p>Lavable \u00e0 la main \u00e0 froid avec du savon de Marseille ou en machine \u00e0 30\u00b0.<\/p>\n<h4>A noter :<\/h4>\n<p>Chaque cr\u00e9ation est unique et les couleurs de fils peuvent \u00eatre amen\u00e9es \u00e0 varier. Comptez environ quatre semaines pour la r\u00e9alisation et l\u2019envoi de votre joli compagnon.<\/p>\n","protected":false},"excerpt":{"rendered":"<p>G\u00e9d\u00e9on est un adorable petit ourson qui n&rsquo;a pas froid aux yeux et qui deviendra \u00e0 coup s\u00fbr votre meilleur compagnon de jeu ! N&rsquo;attendez plus pour l&rsquo;adopter !<\/p>\n","protected":false},"featured_media":486,"comment_status":"open","ping_status":"closed","template":"","meta":[],"product_brand":[],"product_cat":[15],"product_tag":[],"class_list":{"0":"post-485","1":"product","2":"type-product","3":"status-publish","4":"has-post-thumbnail","6":"product_cat-uncategorized","8":"first","9":"instock","10":"purchasable","11":"product-type-simple"},"jetpack_sharing_enabled":true,"_links":{"self":[{"href":"https:\/\/cousiscousa.fr\/index.php\/wp-json\/wp\/v2\/product\/485","targetHints":{"allow":["GET"]}}],"collection":[{"href":"https:\/\/cousiscousa.fr\/index.php\/wp-json\/wp\/v2\/product"}],"about":[{"href":"https:\/\/cousiscousa.fr\/index.php\/wp-json\/wp\/v2\/types\/product"}],"replies":[{"embeddable":true,"href":"https:\/\/cousiscousa.fr\/index.php\/wp-json\/wp\/v2\/comments?post=485"}],"wp:featuredmedia":[{"embeddable":true,"href":"https:\/\/cousiscousa.fr\/index.php\/wp-json\/wp\/v2\/media\/486"}],"wp:attachment":[{"href":"https:\/\/cousiscousa.fr\/index.php\/wp-json\/wp\/v2\/media?parent=485"}],"wp:term":[{"taxonomy":"product_brand","embeddable":true,"href":"https:\/\/cousiscousa.fr\/index.php\/wp-json\/wp\/v2\/product_brand?post=485"},{"taxonomy":"product_cat","embeddable":true,"href":"https:\/\/cousiscousa.fr\/index.php\/wp-json\/wp\/v2\/product_cat?post=485"},{"taxonomy":"product_tag","embeddable":true,"href":"https:\/\/cousiscousa.fr\/index.php\/wp-json\/wp\/v2\/product_tag?post=485"}],"curies":[{"name":"wp","href":"https:\/\/api.w.org\/{rel}","templated":true}]}}