{"id":718,"date":"2023-04-14T11:45:35","date_gmt":"2023-04-14T10:45:35","guid":{"rendered":"https:\/\/cousiscousa.fr\/?post_type=product&#038;p=718"},"modified":"2024-05-29T17:10:49","modified_gmt":"2024-05-29T16:10:49","slug":"verneuil","status":"publish","type":"product","link":"https:\/\/cousiscousa.fr\/index.php\/product\/verneuil\/","title":{"rendered":"Verneuil l&rsquo;\u00e9crureuil"},"content":{"rendered":"<p>Une collection tout en douceur pour vos enfants<\/p>\n<h3>Verneuil l&rsquo;\u00e9cureuil<\/h3>\n<p>Verneuil est un dr\u00f4le d&rsquo;\u00e9cureuil, attentif \u00e0 tout ce qui se passe autour de lui , sa devise : \u00ab\u00a0Ecureuil, ouvre l&rsquo;\u0153il\u00a0\u00bb c&rsquo;est vous dire ! Mais il est surtout tr\u00e8s attentionn\u00e9 et ses amis sont sa priorit\u00e9.<\/p>\n<h4>Fabrication :<\/h4>\n<p>Les copains des bois sont r\u00e9alis\u00e9s \u00e0 la main avec amour !<br \/>\nConfectionn\u00e9s avec du fil 100% coton ils sont rembourr\u00e9s avec une ouate de rembourrage en fibre de polyester. Les yeux et le museau sont s\u00e9curis\u00e9s et certifi\u00e9s mais s&rsquo;il est destin\u00e9 \u00e0 un enfant de moins de 3 ans, il est pr\u00e9f\u00e9rable de le c\u00e2liner sous la surveillance d&rsquo;un adulte.<\/p>\n<h4>Entretien :<\/h4>\n<p>Lavable \u00e0 la main \u00e0 froid avec du savon de Marseille ou en machine \u00e0 30\u00b0.<\/p>\n<h4>A noter :<\/h4>\n<p>Chaque cr\u00e9ation est unique et les couleurs de fils peuvent \u00eatre amen\u00e9es \u00e0 varier. Comptez environ quatre semaines pour la r\u00e9alisation et l\u2019envoi de votre joli compagnon.<\/p>\n","protected":false},"excerpt":{"rendered":"<p>Verneuil est un petit \u00e9cureuil d\u00f4le et attachant qui adore tous les enfants.<\/p>\n","protected":false},"featured_media":722,"comment_status":"open","ping_status":"closed","template":"","meta":[],"product_brand":[],"product_cat":[15],"product_tag":[],"class_list":{"0":"post-718","1":"product","2":"type-product","3":"status-publish","4":"has-post-thumbnail","6":"product_cat-uncategorized","8":"first","9":"instock","10":"purchasable","11":"product-type-simple"},"jetpack_sharing_enabled":true,"_links":{"self":[{"href":"https:\/\/cousiscousa.fr\/index.php\/wp-json\/wp\/v2\/product\/718","targetHints":{"allow":["GET"]}}],"collection":[{"href":"https:\/\/cousiscousa.fr\/index.php\/wp-json\/wp\/v2\/product"}],"about":[{"href":"https:\/\/cousiscousa.fr\/index.php\/wp-json\/wp\/v2\/types\/product"}],"replies":[{"embeddable":true,"href":"https:\/\/cousiscousa.fr\/index.php\/wp-json\/wp\/v2\/comments?post=718"}],"wp:featuredmedia":[{"embeddable":true,"href":"https:\/\/cousiscousa.fr\/index.php\/wp-json\/wp\/v2\/media\/722"}],"wp:attachment":[{"href":"https:\/\/cousiscousa.fr\/index.php\/wp-json\/wp\/v2\/media?parent=718"}],"wp:term":[{"taxonomy":"product_brand","embeddable":true,"href":"https:\/\/cousiscousa.fr\/index.php\/wp-json\/wp\/v2\/product_brand?post=718"},{"taxonomy":"product_cat","embeddable":true,"href":"https:\/\/cousiscousa.fr\/index.php\/wp-json\/wp\/v2\/product_cat?post=718"},{"taxonomy":"product_tag","embeddable":true,"href":"https:\/\/cousiscousa.fr\/index.php\/wp-json\/wp\/v2\/product_tag?post=718"}],"curies":[{"name":"wp","href":"https:\/\/api.w.org\/{rel}","templated":true}]}}