{"id":724,"date":"2023-04-14T11:58:39","date_gmt":"2023-04-14T10:58:39","guid":{"rendered":"https:\/\/cousiscousa.fr\/?post_type=product&#038;p=724"},"modified":"2024-08-28T10:13:27","modified_gmt":"2024-08-28T09:13:27","slug":"jasper","status":"publish","type":"product","link":"https:\/\/cousiscousa.fr\/index.php\/product\/jasper\/","title":{"rendered":"Jasper le raton laveur"},"content":{"rendered":"<p>Une collection tout en douceur pour vos enfants<\/p>\n<h3>Jasper le raton laveur<\/h3>\n<p>Jasper est un adorable raton laveur gentil et c\u00e2lin qui ne se soucie de rien, surtout lorsqu&rsquo;il est dans son bain !<br \/>\nVenez adopter ce pimpant compagnon !<\/p>\n<h4>Fabrication :<\/h4>\n<p>Les copains des bois sont r\u00e9alis\u00e9s \u00e0 la main avec amour !<br \/>\nConfectionn\u00e9s avec du fil 100% coton ils sont rembourr\u00e9s avec une ouate de rembourrage en fibre de polyester. Les yeux et le museau sont s\u00e9curis\u00e9s et certifi\u00e9s mais s&rsquo;il est destin\u00e9 \u00e0 un enfant de moins de 3 ans, il est pr\u00e9f\u00e9rable de le c\u00e2liner sous la surveillance d&rsquo;un adulte.<\/p>\n<h4>Entretien :<\/h4>\n<p>Lavable \u00e0 la main \u00e0 froid avec du savon de Marseille ou en machine \u00e0 30\u00b0. Pour, ne pas ab\u00eemer Jasper au lavage glissez le dans un pochon de tissu ou une taie d&rsquo;oreiller avant de le d\u00e9poser dans le tambour de la machine.<\/p>\n<h4>A noter :<\/h4>\n<p>Chaque cr\u00e9ation est unique et les couleurs de fils peuvent \u00eatre amen\u00e9es \u00e0 varier. Comptez environ quatre semaines pour la r\u00e9alisation et l\u2019envoi de votre joli compagnon.<\/p>\n","protected":false},"excerpt":{"rendered":"<p>Jasper est un charmant compagnon coquet et toujours tir\u00e9 \u00e0 quatre \u00e9pingle. Soigneux et propret, c&rsquo;est une vraie f\u00e9e du logis !<\/p>\n","protected":false},"featured_media":1162,"comment_status":"open","ping_status":"closed","template":"","meta":[],"product_brand":[],"product_cat":[15],"product_tag":[],"class_list":{"0":"post-724","1":"product","2":"type-product","3":"status-publish","4":"has-post-thumbnail","6":"product_cat-uncategorized","8":"first","9":"instock","10":"purchasable","11":"product-type-simple"},"jetpack_sharing_enabled":true,"_links":{"self":[{"href":"https:\/\/cousiscousa.fr\/index.php\/wp-json\/wp\/v2\/product\/724","targetHints":{"allow":["GET"]}}],"collection":[{"href":"https:\/\/cousiscousa.fr\/index.php\/wp-json\/wp\/v2\/product"}],"about":[{"href":"https:\/\/cousiscousa.fr\/index.php\/wp-json\/wp\/v2\/types\/product"}],"replies":[{"embeddable":true,"href":"https:\/\/cousiscousa.fr\/index.php\/wp-json\/wp\/v2\/comments?post=724"}],"wp:featuredmedia":[{"embeddable":true,"href":"https:\/\/cousiscousa.fr\/index.php\/wp-json\/wp\/v2\/media\/1162"}],"wp:attachment":[{"href":"https:\/\/cousiscousa.fr\/index.php\/wp-json\/wp\/v2\/media?parent=724"}],"wp:term":[{"taxonomy":"product_brand","embeddable":true,"href":"https:\/\/cousiscousa.fr\/index.php\/wp-json\/wp\/v2\/product_brand?post=724"},{"taxonomy":"product_cat","embeddable":true,"href":"https:\/\/cousiscousa.fr\/index.php\/wp-json\/wp\/v2\/product_cat?post=724"},{"taxonomy":"product_tag","embeddable":true,"href":"https:\/\/cousiscousa.fr\/index.php\/wp-json\/wp\/v2\/product_tag?post=724"}],"curies":[{"name":"wp","href":"https:\/\/api.w.org\/{rel}","templated":true}]}}