{"id":730,"date":"2023-04-14T12:18:32","date_gmt":"2023-04-14T11:18:32","guid":{"rendered":"https:\/\/cousiscousa.fr\/?post_type=product&#038;p=730"},"modified":"2024-05-29T17:13:03","modified_gmt":"2024-05-29T16:13:03","slug":"linette-la-moufette","status":"publish","type":"product","link":"https:\/\/cousiscousa.fr\/index.php\/product\/linette-la-moufette\/","title":{"rendered":"Linette la moufette"},"content":{"rendered":"<p>Une collection tout en douceur pour vos enfants<\/p>\n<h3>Linette la moufette<\/h3>\n<p>Linette est une petite moufette tr\u00e8s discr\u00e8te qui se cache bien volontiers sous son oreiller. Mais d\u00e8s qu&rsquo;elle hume l&rsquo;odeur des lilas en fleurs, elle ne peut r\u00e9fr\u00e9ner son irr\u00e9sistible envie de cueillette.<\/p>\n<h4>Fabrication :<\/h4>\n<p>Les copains des bois sont r\u00e9alis\u00e9s \u00e0 la main avec amour !<br \/>\nConfectionn\u00e9s avec du fil 100% coton ils sont rembourr\u00e9s avec une ouate de rembourrage en fibre de polyester. Les yeux et le museau sont s\u00e9curis\u00e9s et certifi\u00e9s mais s&rsquo;il est destin\u00e9 \u00e0 un enfant de moins de 3 ans, il est pr\u00e9f\u00e9rable de le c\u00e2liner sous la surveillance d&rsquo;un adulte.<\/p>\n<h4>Entretien :<\/h4>\n<p>Lavable \u00e0 la main \u00e0 froid avec du savon de Marseille ou en machine \u00e0 30\u00b0.<\/p>\n<h4>A noter :<\/h4>\n<p>Chaque cr\u00e9ation est unique et les couleurs de fils peuvent \u00eatre amen\u00e9es \u00e0 varier. Comptez environ quatre semaines pour la r\u00e9alisation et l\u2019envoi de votre joli compagnon.<\/p>\n","protected":false},"excerpt":{"rendered":"<p>Venez faire la connaissance de l&rsquo;irr\u00e9sistible Linette, une petite moufette au c\u0153ur d&rsquo;or dont l&rsquo;occupation favorite est de respirer la bonne odeur des parterres de fleurs !<\/p>\n","protected":false},"featured_media":762,"comment_status":"open","ping_status":"closed","template":"","meta":[],"product_brand":[],"product_cat":[15],"product_tag":[],"class_list":{"0":"post-730","1":"product","2":"type-product","3":"status-publish","4":"has-post-thumbnail","6":"product_cat-uncategorized","8":"first","9":"instock","10":"purchasable","11":"product-type-simple"},"jetpack_sharing_enabled":true,"_links":{"self":[{"href":"https:\/\/cousiscousa.fr\/index.php\/wp-json\/wp\/v2\/product\/730","targetHints":{"allow":["GET"]}}],"collection":[{"href":"https:\/\/cousiscousa.fr\/index.php\/wp-json\/wp\/v2\/product"}],"about":[{"href":"https:\/\/cousiscousa.fr\/index.php\/wp-json\/wp\/v2\/types\/product"}],"replies":[{"embeddable":true,"href":"https:\/\/cousiscousa.fr\/index.php\/wp-json\/wp\/v2\/comments?post=730"}],"wp:featuredmedia":[{"embeddable":true,"href":"https:\/\/cousiscousa.fr\/index.php\/wp-json\/wp\/v2\/media\/762"}],"wp:attachment":[{"href":"https:\/\/cousiscousa.fr\/index.php\/wp-json\/wp\/v2\/media?parent=730"}],"wp:term":[{"taxonomy":"product_brand","embeddable":true,"href":"https:\/\/cousiscousa.fr\/index.php\/wp-json\/wp\/v2\/product_brand?post=730"},{"taxonomy":"product_cat","embeddable":true,"href":"https:\/\/cousiscousa.fr\/index.php\/wp-json\/wp\/v2\/product_cat?post=730"},{"taxonomy":"product_tag","embeddable":true,"href":"https:\/\/cousiscousa.fr\/index.php\/wp-json\/wp\/v2\/product_tag?post=730"}],"curies":[{"name":"wp","href":"https:\/\/api.w.org\/{rel}","templated":true}]}}