{"id":802,"date":"2023-05-09T16:27:44","date_gmt":"2023-05-09T15:27:44","guid":{"rendered":"https:\/\/cousiscousa.fr\/?post_type=product&#038;p=802"},"modified":"2024-05-29T17:13:49","modified_gmt":"2024-05-29T16:13:49","slug":"albert-le-cerf","status":"publish","type":"product","link":"https:\/\/cousiscousa.fr\/index.php\/product\/albert-le-cerf\/","title":{"rendered":"Albert le cerf"},"content":{"rendered":"<p>Une collection tout en douceur pour vos enfants<\/p>\n<h3>Albert, le cerf<\/h3>\n<p>Albert, est certainement le cervid\u00e9 le plus serviable et le plus s\u00e9rieux de toute la for\u00eat. En toute simplicit\u00e9, il aime le cerfeuil, le cerf-volant, la cervoise et serrer ses amis dans ses bras. Bref, c&rsquo;est le compagnon id\u00e9al pour vous accompagner !<\/p>\n<h4>Fabrication :<\/h4>\n<p>Les copains des bois sont r\u00e9alis\u00e9s \u00e0 la main avec amour !<br \/>\nConfectionn\u00e9s avec du fil 100% coton ils sont rembourr\u00e9s avec une ouate de rembourrage en fibre de polyester. Les yeux et le museau sont s\u00e9curis\u00e9s et certifi\u00e9s mais s&rsquo;il est destin\u00e9 \u00e0 un enfant de moins de 3 ans, il est pr\u00e9f\u00e9rable de le c\u00e2liner sous la surveillance d&rsquo;un adulte.<\/p>\n<h4>Entretien :<\/h4>\n<p>Lavable \u00e0 la main \u00e0 froid avec du savon de Marseille ou en machine \u00e0 30\u00b0.<\/p>\n<h4>A noter :<\/h4>\n<p>Chaque cr\u00e9ation est unique et les couleurs de fils peuvent \u00eatre amen\u00e9es \u00e0 varier. Comptez environ trois semaines pour la r\u00e9alisation et l\u2019envoi de votre joli compagnon.<\/p>\n","protected":false},"excerpt":{"rendered":"<p>Ce petit cerf au c\u0153ur d&rsquo;or, c&rsquo;est certain fera le bonheur des petits comme des grands. Du haut de ses 17cm il tr\u00e9pigne d\u00e9j\u00e0 d&rsquo;impatience de vous rencontrer et de vous serrer dans ses bras !<\/p>\n","protected":false},"featured_media":801,"comment_status":"open","ping_status":"closed","template":"","meta":[],"product_brand":[],"product_cat":[15],"product_tag":[],"class_list":{"0":"post-802","1":"product","2":"type-product","3":"status-publish","4":"has-post-thumbnail","6":"product_cat-uncategorized","8":"first","9":"instock","10":"purchasable","11":"product-type-simple"},"jetpack_sharing_enabled":true,"_links":{"self":[{"href":"https:\/\/cousiscousa.fr\/index.php\/wp-json\/wp\/v2\/product\/802","targetHints":{"allow":["GET"]}}],"collection":[{"href":"https:\/\/cousiscousa.fr\/index.php\/wp-json\/wp\/v2\/product"}],"about":[{"href":"https:\/\/cousiscousa.fr\/index.php\/wp-json\/wp\/v2\/types\/product"}],"replies":[{"embeddable":true,"href":"https:\/\/cousiscousa.fr\/index.php\/wp-json\/wp\/v2\/comments?post=802"}],"wp:featuredmedia":[{"embeddable":true,"href":"https:\/\/cousiscousa.fr\/index.php\/wp-json\/wp\/v2\/media\/801"}],"wp:attachment":[{"href":"https:\/\/cousiscousa.fr\/index.php\/wp-json\/wp\/v2\/media?parent=802"}],"wp:term":[{"taxonomy":"product_brand","embeddable":true,"href":"https:\/\/cousiscousa.fr\/index.php\/wp-json\/wp\/v2\/product_brand?post=802"},{"taxonomy":"product_cat","embeddable":true,"href":"https:\/\/cousiscousa.fr\/index.php\/wp-json\/wp\/v2\/product_cat?post=802"},{"taxonomy":"product_tag","embeddable":true,"href":"https:\/\/cousiscousa.fr\/index.php\/wp-json\/wp\/v2\/product_tag?post=802"}],"curies":[{"name":"wp","href":"https:\/\/api.w.org\/{rel}","templated":true}]}}