{"id":828,"date":"2023-05-12T11:37:19","date_gmt":"2023-05-12T10:37:19","guid":{"rendered":"https:\/\/cousiscousa.fr\/?post_type=product&#038;p=828"},"modified":"2023-05-12T11:43:40","modified_gmt":"2023-05-12T10:43:40","slug":"tout-doux-toinou","status":"publish","type":"product","link":"https:\/\/cousiscousa.fr\/index.php\/product\/tout-doux-toinou\/","title":{"rendered":"Tout doux Toinou"},"content":{"rendered":"<p>Une collection tout en douceur pour votre tout petit.<\/p>\n<h3>Le tout doux Toinou<\/h3>\n<p>Toinou, le loup \u00e0 h\u00e2te de vagabonder avec b\u00e9b\u00e9. Apaisant et amical il saura r\u00e9conforter tous les chagrins du monde gr\u00e2ce \u00e0 sa texture \u00ab bigo\u00fbt \u00bb : Une face r\u00e9alis\u00e9e en tissu lange tr\u00e8s agr\u00e9able et l\u2019autre en fourrure, incroyablement douce.<br \/>\nLa t\u00eate et la collerette crochet\u00e9es \u00e0 la main permettent \u00e9galement de varier les textures et de d\u00e9velopper l\u2019\u00e9veil sensoriel de votre tout petit.<\/p>\n<h4>Fabrication :<\/h4>\n<p>Les tout doux sont r\u00e9alis\u00e9s \u00e0 la main avec amour !<br \/>\nConfectionn\u00e9s avec du fil de coton et du tissu (coton et synth\u00e9tique) ils sont rembourr\u00e9s avec une ouate de rembourrage en fibre de polyester. Les yeux et le nez sont joliment brod\u00e9s pour plus de s\u00e9curit\u00e9.<\/p>\n<h4>Entretien :<\/h4>\n<p>Lavable \u00e0 la main \u00e0 froid avec du savon de Marseille.<\/p>\n<h4>A noter :<\/h4>\n<p>Chaque cr\u00e9ation est unique et les tissus ou les couleurs de fils peuvent \u00eatre amen\u00e9s \u00e0 varier. Comptez environ trois semaines pour la r\u00e9alisation et l\u2019envoi de votre joli tout doux.<\/p>\n","protected":false},"excerpt":{"rendered":"<p>Toinou est un affectueux petit loup, espi\u00e8gle et t\u00e9m\u00e9raire qui ne manque pas une occasion de s\u2019amuser ! Toujours partant pour l\u2019aventure, il est d\u2019excellente compagnie, \u00e0 vous d&rsquo;en juger &#8230;<br \/>\nApaisant, amical et r\u00e9alis\u00e9 enti\u00e8rement \u00e0 la main avec amour ce louveteau est le doudou id\u00e9al pour votre bout de chou, on peut m\u00eame lui confier une t\u00e9tine qu\u2019il saura nouer \u00e0 ses pattes de tissu afin de ne pas l&rsquo;\u00e9garer !<\/p>\n","protected":false},"featured_media":830,"comment_status":"open","ping_status":"closed","template":"","meta":[],"product_brand":[],"product_cat":[17],"product_tag":[],"class_list":{"0":"post-828","1":"product","2":"type-product","3":"status-publish","4":"has-post-thumbnail","6":"product_cat-clothing","8":"first","9":"instock","10":"purchasable","11":"product-type-simple"},"jetpack_sharing_enabled":true,"_links":{"self":[{"href":"https:\/\/cousiscousa.fr\/index.php\/wp-json\/wp\/v2\/product\/828","targetHints":{"allow":["GET"]}}],"collection":[{"href":"https:\/\/cousiscousa.fr\/index.php\/wp-json\/wp\/v2\/product"}],"about":[{"href":"https:\/\/cousiscousa.fr\/index.php\/wp-json\/wp\/v2\/types\/product"}],"replies":[{"embeddable":true,"href":"https:\/\/cousiscousa.fr\/index.php\/wp-json\/wp\/v2\/comments?post=828"}],"wp:featuredmedia":[{"embeddable":true,"href":"https:\/\/cousiscousa.fr\/index.php\/wp-json\/wp\/v2\/media\/830"}],"wp:attachment":[{"href":"https:\/\/cousiscousa.fr\/index.php\/wp-json\/wp\/v2\/media?parent=828"}],"wp:term":[{"taxonomy":"product_brand","embeddable":true,"href":"https:\/\/cousiscousa.fr\/index.php\/wp-json\/wp\/v2\/product_brand?post=828"},{"taxonomy":"product_cat","embeddable":true,"href":"https:\/\/cousiscousa.fr\/index.php\/wp-json\/wp\/v2\/product_cat?post=828"},{"taxonomy":"product_tag","embeddable":true,"href":"https:\/\/cousiscousa.fr\/index.php\/wp-json\/wp\/v2\/product_tag?post=828"}],"curies":[{"name":"wp","href":"https:\/\/api.w.org\/{rel}","templated":true}]}}