{"id":851,"date":"2023-05-15T09:27:45","date_gmt":"2023-05-15T08:27:45","guid":{"rendered":"https:\/\/cousiscousa.fr\/?post_type=product&#038;p=851"},"modified":"2023-05-15T09:43:00","modified_gmt":"2023-05-15T08:43:00","slug":"magalie-la-chauve-souris","status":"publish","type":"product","link":"https:\/\/cousiscousa.fr\/index.php\/product\/magalie-la-chauve-souris\/","title":{"rendered":"Magalie, la chauve souris"},"content":{"rendered":"<h3 style=\"text-align: left;\">Magalie, la chauve souris<\/h3>\n<p>D\u00e9couvrez le patron de Magalie, une chauve souris des plus avenantes qui ne fait trembler que les zygomatiques, car Magalie est un vrai bout en train et adore rigoler en compagnie de ses amis ! Taille approximative 16 cm.<\/p>\n<p>Le patron est un fichier num\u00e9rique, au format PDF, contenant des instructions d\u00e9taill\u00e9es ainsi que des photos \u00ab pas \u00e0 pas \u00bb pour vous aider \u00e0 r\u00e9aliser votre petite chauve souris.<\/p>\n<h3>Niveau de difficult\u00e9 : interm\u00e9diaire.<\/h3>\n<p>Savoir r\u00e9aliser les points suivants : anneau magique, maille cha\u00eenette, maille en l\u2019air, maille serr\u00e9e, maille coul\u00e9e, augmentation, diminution, brides, demi brides, point picot, quelques points de broderie.<\/p>\n<h3>Mat\u00e9riel<\/h3>\n<ul>\n<li>Fils coton et \u00ab\u00a0peluche\u00a0\u00bb<\/li>\n<li>Crochet de 2.00 mm<\/li>\n<li>Ouate de rembourrage<\/li>\n<li>Aiguille \u00e0 laine ou \u00e0 broder<\/li>\n<li>yeux s\u00e9curis\u00e9s.<\/li>\n<li>Une paire de ciseaux<\/li>\n<\/ul>\n<h4>A noter :<\/h4>\n<p>Apr\u00e8s le paiement, vous recevez un e-mail afin de t\u00e9l\u00e9charger votre patron. Le patron, en raison de sa nature num\u00e9rique et t\u00e9l\u00e9chargeable, ne pourra \u00eatre ni \u00e9chang\u00e9 ni rembours\u00e9.<\/p>\n<p>Ceci est le patron pour r\u00e9aliser Magalie la chauve souris <strong>ce n\u2019est pas le produit fini<\/strong>\u00a0!<\/p>\n<p>&nbsp;<\/p>\n<p>&nbsp;<\/p>\n<p style=\"text-align: center;\">Copyright \u00a9 2023 Cousiscousa \u2013 Tous droits r\u00e9serv\u00e9s.<\/p>\n","protected":false},"excerpt":{"rendered":"<p>Patron au format PDF, pour r\u00e9aliser au crochet Magalie, une petite chauve souris qui ne fait pas honneur \u00e0 sa r\u00e9putation car elle est encore plus tendre et douce qu&rsquo;un mouton !<\/p>\n<p>Taille approximative de la cr\u00e9ation : 16 cm.<\/p>\n","protected":false},"featured_media":853,"comment_status":"open","ping_status":"closed","template":"","meta":[],"product_brand":[],"product_cat":[20,40],"product_tag":[],"class_list":{"0":"post-851","1":"product","2":"type-product","3":"status-publish","4":"has-post-thumbnail","6":"product_cat-patrons","7":"product_cat-patrons-copains-des-bois","9":"first","10":"instock","11":"featured","12":"downloadable","13":"virtual","14":"purchasable","15":"product-type-simple"},"jetpack_sharing_enabled":true,"_links":{"self":[{"href":"https:\/\/cousiscousa.fr\/index.php\/wp-json\/wp\/v2\/product\/851","targetHints":{"allow":["GET"]}}],"collection":[{"href":"https:\/\/cousiscousa.fr\/index.php\/wp-json\/wp\/v2\/product"}],"about":[{"href":"https:\/\/cousiscousa.fr\/index.php\/wp-json\/wp\/v2\/types\/product"}],"replies":[{"embeddable":true,"href":"https:\/\/cousiscousa.fr\/index.php\/wp-json\/wp\/v2\/comments?post=851"}],"wp:featuredmedia":[{"embeddable":true,"href":"https:\/\/cousiscousa.fr\/index.php\/wp-json\/wp\/v2\/media\/853"}],"wp:attachment":[{"href":"https:\/\/cousiscousa.fr\/index.php\/wp-json\/wp\/v2\/media?parent=851"}],"wp:term":[{"taxonomy":"product_brand","embeddable":true,"href":"https:\/\/cousiscousa.fr\/index.php\/wp-json\/wp\/v2\/product_brand?post=851"},{"taxonomy":"product_cat","embeddable":true,"href":"https:\/\/cousiscousa.fr\/index.php\/wp-json\/wp\/v2\/product_cat?post=851"},{"taxonomy":"product_tag","embeddable":true,"href":"https:\/\/cousiscousa.fr\/index.php\/wp-json\/wp\/v2\/product_tag?post=851"}],"curies":[{"name":"wp","href":"https:\/\/api.w.org\/{rel}","templated":true}]}}