{"id":877,"date":"2023-05-27T15:31:27","date_gmt":"2023-05-27T14:31:27","guid":{"rendered":"https:\/\/cousiscousa.fr\/?post_type=product&#038;p=877"},"modified":"2023-05-28T18:16:30","modified_gmt":"2023-05-28T17:16:30","slug":"fantin-et-fantine","status":"publish","type":"product","link":"https:\/\/cousiscousa.fr\/index.php\/product\/fantin-et-fantine\/","title":{"rendered":"Fantin et Fantine"},"content":{"rendered":"<h2>DESCRIPTION<\/h2>\n<h3>Fantin et Fantine<\/h3>\n<p>D\u00e9couvrez les patrons de Fantin et Fantine, deux adorables faons de 23 cm vivant heureux et cach\u00e9s \u00e0 l&rsquo;or\u00e9e de la for\u00eat. Ces deux l\u00e0 sont ins\u00e9parables et ne se quittent sous aucun pr\u00e9texte &#8230;<\/p>\n<p>Le patron est un fichier num\u00e9rique, au format PDF, contenant des instructions d\u00e9taill\u00e9es ainsi que des photos \u00ab pas \u00e0 pas \u00bb pour vous aider \u00e0 r\u00e9aliser vos deux petits faons, la robe et la salopette.<\/p>\n<h3>Niveau de difficult\u00e9 : Interm\u00e9diaire<\/h3>\n<p>Savoir r\u00e9aliser les points suivants : anneau magique, maille cha\u00eenette, maille en l\u2019air, maille serr\u00e9e, maille coul\u00e9e, augmentation, diminution, brides, demi-brides,<\/p>\n<h3>Mat\u00e9riel<\/h3>\n<ul>\n<li>Fils 100 % coton<\/li>\n<li>Crochet de 2.00 mm<\/li>\n<li>Ouate de rembourrage<\/li>\n<li>Aiguille \u00e0 laine ou \u00e0 broder<\/li>\n<li>Une paire de ciseaux<\/li>\n<li>Petit bouton<\/li>\n<\/ul>\n<h4>A noter :<\/h4>\n<p>Apr\u00e8s le paiement, vous recevez un e-mail afin de t\u00e9l\u00e9charger votre patron. Le patron, en raison de sa nature num\u00e9rique et t\u00e9l\u00e9chargeable, ne pourra \u00eatre ni \u00e9chang\u00e9 ni rembours\u00e9.<\/p>\n<p>Ceci est le patron pour r\u00e9aliser Fantin et Fantine <strong>ce n\u2019est pas le produit fini<\/strong>\u00a0!<\/p>\n<p>&nbsp;<\/p>\n<p>&nbsp;<\/p>\n<p style=\"text-align: center;\">Copyright \u00a9 2023 Cousiscousa \u2013 Tous droits r\u00e9serv\u00e9s.<\/p>\n","protected":false},"excerpt":{"rendered":"<p>Il \u00e9tait une fois, dans les bois,\u00a0 deux petits faons\u00a0 pr\u00e9nomm\u00e9s Fantin et Fantine.<\/p>\n<p>D\u00e9couvrez les instructions d\u00e9taill\u00e9es afin de r\u00e9aliser au crochet ces deux adorables \u00ab\u00a0faonfarons\u00a0\u00bb ainsi que leur jolie tenue amovible : une petite robe \u00e0 bretelles pour Fantinette et une salopette bouffante pour son fr\u00e8re !<\/p>\n<p>&nbsp;<\/p>\n","protected":false},"featured_media":879,"comment_status":"open","ping_status":"closed","template":"","meta":[],"product_brand":[],"product_cat":[47,20],"product_tag":[],"class_list":{"0":"post-877","1":"product","2":"type-product","3":"status-publish","4":"has-post-thumbnail","6":"product_cat-il-etait-une-fois","7":"product_cat-patrons","9":"first","10":"instock","11":"downloadable","12":"virtual","13":"purchasable","14":"product-type-simple"},"jetpack_sharing_enabled":true,"_links":{"self":[{"href":"https:\/\/cousiscousa.fr\/index.php\/wp-json\/wp\/v2\/product\/877","targetHints":{"allow":["GET"]}}],"collection":[{"href":"https:\/\/cousiscousa.fr\/index.php\/wp-json\/wp\/v2\/product"}],"about":[{"href":"https:\/\/cousiscousa.fr\/index.php\/wp-json\/wp\/v2\/types\/product"}],"replies":[{"embeddable":true,"href":"https:\/\/cousiscousa.fr\/index.php\/wp-json\/wp\/v2\/comments?post=877"}],"wp:featuredmedia":[{"embeddable":true,"href":"https:\/\/cousiscousa.fr\/index.php\/wp-json\/wp\/v2\/media\/879"}],"wp:attachment":[{"href":"https:\/\/cousiscousa.fr\/index.php\/wp-json\/wp\/v2\/media?parent=877"}],"wp:term":[{"taxonomy":"product_brand","embeddable":true,"href":"https:\/\/cousiscousa.fr\/index.php\/wp-json\/wp\/v2\/product_brand?post=877"},{"taxonomy":"product_cat","embeddable":true,"href":"https:\/\/cousiscousa.fr\/index.php\/wp-json\/wp\/v2\/product_cat?post=877"},{"taxonomy":"product_tag","embeddable":true,"href":"https:\/\/cousiscousa.fr\/index.php\/wp-json\/wp\/v2\/product_tag?post=877"}],"curies":[{"name":"wp","href":"https:\/\/api.w.org\/{rel}","templated":true}]}}