{"id":888,"date":"2023-06-28T14:33:54","date_gmt":"2023-06-28T13:33:54","guid":{"rendered":"https:\/\/cousiscousa.fr\/?post_type=product&#038;p=888"},"modified":"2023-06-30T15:14:06","modified_gmt":"2023-06-30T14:14:06","slug":"gedeon-lourson-pour-debutantes","status":"publish","type":"product","link":"https:\/\/cousiscousa.fr\/index.php\/product\/gedeon-lourson-pour-debutantes\/","title":{"rendered":"G\u00e9d\u00e9on l&rsquo;ourson pour d\u00e9butant(e)s"},"content":{"rendered":"<h3 style=\"text-align: left;\">G\u00e9d\u00e9on l&rsquo;ourson<\/h3>\n<p>D\u00e9couvrez le patron de G\u00e9d\u00e9on, un adorable petit ourson qui n&rsquo;a pas froid aux yeux malgr\u00e9 son caract\u00e8re plut\u00f4t frileux !<\/p>\n<p>Le patron est un fichier num\u00e9rique, au format PDF, contenant des instructions d\u00e9taill\u00e9es ainsi que\u00a0 photos \u00ab pas \u00e0 pas \u00bb\u00a0 et des vid\u00e9os pour vous aider \u00e0 r\u00e9aliser votre petit ours.<\/p>\n<h3>Niveau de difficult\u00e9 : D\u00e9butant<\/h3>\n<p>Gr\u00e2ce \u00e0 ce patron, vous apprendrez \u00e0 lire un patron, \u00e0 r\u00e9aliser un anneau magique pour d\u00e9buter votre ouvrage, \u00e0 r\u00e9aliser les points les plus utilis\u00e9s au crochet (maille serr\u00e9e, maille coul\u00e9e, augmentation, diminution et demi bride), vous apprendrez \u00e9galement \u00e0 crocheter en spirales continues ainsi qu&rsquo;en rangs tourn\u00e9s. Gr\u00e2ce aux nombreuses vid\u00e9os vous pourrez d\u00e9buter le crochet en toute s\u00e9r\u00e9nit\u00e9 et d\u00e9couvrir toutes les \u00e9tapes de r\u00e9alisation d&rsquo;un petit personnage.<\/p>\n<h3>Mat\u00e9riel<\/h3>\n<ul>\n<li>Fils 100 % coton (2 coloris + un peu de fil blanc)<\/li>\n<li>Crochet de 2.00 mm ou 2.50 mm<\/li>\n<li>Ouate de rembourrage<\/li>\n<li>Aiguille \u00e0 broder<\/li>\n<li>Yeux s\u00e9curis\u00e9s (4 ou 6mm)<\/li>\n<li>Museau s\u00e9curis\u00e9 (2 cm)<\/li>\n<li>Une paire de ciseaux<\/li>\n<li>(de la colle textile)<\/li>\n<\/ul>\n<h4>A noter :<\/h4>\n<p>Apr\u00e8s le paiement, vous recevez un e-mail afin de t\u00e9l\u00e9charger votre patron. Le patron, en raison de sa nature num\u00e9rique et t\u00e9l\u00e9chargeable, ne pourra \u00eatre ni \u00e9chang\u00e9 ni rembours\u00e9.<\/p>\n<p>Ceci est le patron pour r\u00e9aliser G\u00e9d\u00e9on l&rsquo;ourson <strong>ce n\u2019est pas le produit fini<\/strong>\u00a0!<\/p>\n<p>&nbsp;<\/p>\n<p>&nbsp;<\/p>\n<p style=\"text-align: center;\">Copyright \u00a9 2023 Cousiscousa \u2013 Tous droits r\u00e9serv\u00e9s.<\/p>\n","protected":false},"excerpt":{"rendered":"<p>Patron au format PDF, id\u00e9al pour d\u00e9buter le crochet gr\u00e2ce \u00e0 de nombreuses vid\u00e9os qui vous aideront \u00e0 r\u00e9aliser cet adorable petit ourson.<\/p>\n","protected":false},"featured_media":738,"comment_status":"open","ping_status":"closed","template":"","meta":[],"product_brand":[],"product_cat":[40,20],"product_tag":[],"class_list":{"0":"post-888","1":"product","2":"type-product","3":"status-publish","4":"has-post-thumbnail","6":"product_cat-patrons-copains-des-bois","7":"product_cat-patrons","9":"first","10":"instock","11":"downloadable","12":"virtual","13":"purchasable","14":"product-type-simple"},"jetpack_sharing_enabled":true,"_links":{"self":[{"href":"https:\/\/cousiscousa.fr\/index.php\/wp-json\/wp\/v2\/product\/888","targetHints":{"allow":["GET"]}}],"collection":[{"href":"https:\/\/cousiscousa.fr\/index.php\/wp-json\/wp\/v2\/product"}],"about":[{"href":"https:\/\/cousiscousa.fr\/index.php\/wp-json\/wp\/v2\/types\/product"}],"replies":[{"embeddable":true,"href":"https:\/\/cousiscousa.fr\/index.php\/wp-json\/wp\/v2\/comments?post=888"}],"wp:featuredmedia":[{"embeddable":true,"href":"https:\/\/cousiscousa.fr\/index.php\/wp-json\/wp\/v2\/media\/738"}],"wp:attachment":[{"href":"https:\/\/cousiscousa.fr\/index.php\/wp-json\/wp\/v2\/media?parent=888"}],"wp:term":[{"taxonomy":"product_brand","embeddable":true,"href":"https:\/\/cousiscousa.fr\/index.php\/wp-json\/wp\/v2\/product_brand?post=888"},{"taxonomy":"product_cat","embeddable":true,"href":"https:\/\/cousiscousa.fr\/index.php\/wp-json\/wp\/v2\/product_cat?post=888"},{"taxonomy":"product_tag","embeddable":true,"href":"https:\/\/cousiscousa.fr\/index.php\/wp-json\/wp\/v2\/product_tag?post=888"}],"curies":[{"name":"wp","href":"https:\/\/api.w.org\/{rel}","templated":true}]}}