{"id":893,"date":"2023-06-30T15:14:17","date_gmt":"2023-06-30T14:14:17","guid":{"rendered":"https:\/\/cousiscousa.fr\/?post_type=product&#038;p=893"},"modified":"2023-06-30T16:11:14","modified_gmt":"2023-06-30T15:11:14","slug":"le-petit-chaperon-rouge","status":"publish","type":"product","link":"https:\/\/cousiscousa.fr\/index.php\/product\/le-petit-chaperon-rouge\/","title":{"rendered":"Le petit chaperon rouge"},"content":{"rendered":"<h2><\/h2>\n<h3>Le petit chaperon rouge et comp\u00e8re loup<\/h3>\n<p>D\u00e9couvrez ce patron 2 en 1 du petit chaperon et de comp\u00e8re loup qui a t\u00f4t fait de se d\u00e9guiser en enfilant le bonnet de nuit de cette brave mamie&#8230;\u00a0 Ces deux personnages tout droit sortis de l&rsquo;univers de Perrault viendront enchanter les petits comme les grands.<\/p>\n<p>Le patron est un fichier num\u00e9rique, au format PDF, contenant des instructions d\u00e9taill\u00e9es ainsi que des photos \u00ab pas \u00e0 pas \u00bb pour vous aider \u00e0 r\u00e9aliser le petit chaperon rouge, sa tenue et son petit panier d&rsquo;osier ainsi que le grand m\u00e9chant loup affubl\u00e9 de son bonnet.<\/p>\n<h3>Niveau de difficult\u00e9 : Interm\u00e9diaire<\/h3>\n<p>Savoir r\u00e9aliser les points suivants : anneau magique, maille cha\u00eenette, maille en l\u2019air, maille serr\u00e9e, maille coul\u00e9e, augmentation, diminution, demi-brides,<\/p>\n<h3>Mat\u00e9riel<\/h3>\n<ul>\n<li>Fils 100 % coton<\/li>\n<li>Crochet de 2.00 mm et 2.50 mm<\/li>\n<li>Ouate de rembourrage<\/li>\n<li>Aiguille \u00e0 broder (pour l&rsquo;assemblage)<\/li>\n<li>Une paire de ciseaux<\/li>\n<li>Deux petits \u00e9lastiques<\/li>\n<\/ul>\n<h4>A noter :<\/h4>\n<p>Apr\u00e8s le paiement, vous recevez un e-mail afin de t\u00e9l\u00e9charger votre patron. Le patron, en raison de sa nature num\u00e9rique et t\u00e9l\u00e9chargeable, ne pourra \u00eatre ni \u00e9chang\u00e9 ni rembours\u00e9.<\/p>\n<p>Ceci est le patron pour r\u00e9aliser le petit chaperon rouge et le grand m\u00e9chant loup, <strong>ce n\u2019est pas le produit fini<\/strong>\u00a0!<\/p>\n<p>&nbsp;<\/p>\n<p>&nbsp;<\/p>\n<p style=\"text-align: center;\">Copyright \u00a9 2023 Cousiscousa \u2013 Tous droits r\u00e9serv\u00e9s.<\/p>\n","protected":false},"excerpt":{"rendered":"<p>Il \u00e9tait une fois, dans les bois, une petite fille qui n&rsquo;allait nulle part sans porter son capuchon de couleur rouge si bien que tout le monde l&rsquo;appelait le petit chaperon rouge &#8230;.<br \/>\nTout le monde connait ce conte de Perrault sur le bout de ses dix doigts mais apr\u00e8s la r\u00e9alisation de ces deux personnages, nul doute que vos enfants pourront r\u00e9inventer l&rsquo;histoire et trouver 1000 \u00ab\u00a0faims\u00a0\u00bb \u00e0 ce conte !<\/p>\n<p>Retombez en enfance en crochetant ces deux personnages l\u00e9gendaires gr\u00e2ce \u00e0 ce fichier PDF d\u00e9taill\u00e9 et color\u00e9 !<\/p>\n<p>&nbsp;<\/p>\n","protected":false},"featured_media":895,"comment_status":"open","ping_status":"closed","template":"","meta":[],"product_brand":[],"product_cat":[47,20],"product_tag":[],"class_list":{"0":"post-893","1":"product","2":"type-product","3":"status-publish","4":"has-post-thumbnail","6":"product_cat-il-etait-une-fois","7":"product_cat-patrons","9":"first","10":"instock","11":"downloadable","12":"virtual","13":"purchasable","14":"product-type-simple"},"jetpack_sharing_enabled":true,"_links":{"self":[{"href":"https:\/\/cousiscousa.fr\/index.php\/wp-json\/wp\/v2\/product\/893","targetHints":{"allow":["GET"]}}],"collection":[{"href":"https:\/\/cousiscousa.fr\/index.php\/wp-json\/wp\/v2\/product"}],"about":[{"href":"https:\/\/cousiscousa.fr\/index.php\/wp-json\/wp\/v2\/types\/product"}],"replies":[{"embeddable":true,"href":"https:\/\/cousiscousa.fr\/index.php\/wp-json\/wp\/v2\/comments?post=893"}],"wp:featuredmedia":[{"embeddable":true,"href":"https:\/\/cousiscousa.fr\/index.php\/wp-json\/wp\/v2\/media\/895"}],"wp:attachment":[{"href":"https:\/\/cousiscousa.fr\/index.php\/wp-json\/wp\/v2\/media?parent=893"}],"wp:term":[{"taxonomy":"product_brand","embeddable":true,"href":"https:\/\/cousiscousa.fr\/index.php\/wp-json\/wp\/v2\/product_brand?post=893"},{"taxonomy":"product_cat","embeddable":true,"href":"https:\/\/cousiscousa.fr\/index.php\/wp-json\/wp\/v2\/product_cat?post=893"},{"taxonomy":"product_tag","embeddable":true,"href":"https:\/\/cousiscousa.fr\/index.php\/wp-json\/wp\/v2\/product_tag?post=893"}],"curies":[{"name":"wp","href":"https:\/\/api.w.org\/{rel}","templated":true}]}}