{"id":90,"date":"2023-03-14T10:47:01","date_gmt":"2023-03-14T09:47:01","guid":{"rendered":"https:\/\/cousiscousa.fr\/?post_type=product&#038;p=90"},"modified":"2023-03-31T18:09:22","modified_gmt":"2023-03-31T17:09:22","slug":"les-cherubins","status":"publish","type":"product","link":"https:\/\/cousiscousa.fr\/index.php\/product\/les-cherubins\/","title":{"rendered":"Les ch\u00e9rubins"},"content":{"rendered":"<h3 style=\"text-align: left;\">Les ch\u00e9rubins<\/h3>\n<p>D\u00e9couvrez ces adorables petits anges \u00e0 suspendre dans votre maison, votre sapin, la chambre des enfants et qui vous aideront \u00e0 patienter en attendant le jour tant attendu.<\/p>\n<h3>Personnalisable<\/h3>\n<p>Blond, brun, roux, gris, blanc, chevelu, fris\u00e9, boucl\u00e9, cr\u00e9pu &#8230;<br \/>\nRecevez de mani\u00e8re al\u00e9atoire un adorable ch\u00e9rubin. Si vous souhaitez une couleur de cheveux sp\u00e9cifique, veuillez envoyez un message <a href=\"https:\/\/cousiscousa.fr\/index.php\/contact\/\">ici.\u00a0<\/a><\/p>\n<h4>Fabrication :<\/h4>\n<p>Ces ch\u00e9rubins sont r\u00e9alis\u00e9s \u00e0 la main avec amour ! Confectionn\u00e9s avec du fil coton et rembourr\u00e9s avec une ouate de rembourrage en fibre de polyester. Les yeux sont s\u00e9curis\u00e9s et le nez brod\u00e9. Si vous les voyez rougir, ce n&rsquo;est pas par timidit\u00e9, et si les couleurs s&rsquo;estompent vous pouvez peaufiner leur joli minois en ajoutant une l\u00e9g\u00e8re touche de blush.<\/p>\n<h4>Entretien :<\/h4>\n<p>Lavable \u00e0 la main \u00e0 froid avec du savon de Marseille.<\/p>\n<h4>A noter :<\/h4>\n<p>Chaque cr\u00e9ation est unique et les couleurs de fils peuvent \u00eatre amen\u00e9es \u00e0 varier. Comptez environ quatre semaines pour la r\u00e9alisation et l\u2019envoi de votre ch\u00e9rubin de no\u00ebl.<\/p>\n","protected":false},"excerpt":{"rendered":"<p>Suspension \u00ab\u00a0Les ch\u00e9rubins\u00a0\u00bb \u00e0 suspendre au sapin (ou ailleurs).<\/p>\n","protected":false},"featured_media":92,"comment_status":"open","ping_status":"closed","template":"","meta":[],"product_brand":[],"product_cat":[18],"product_tag":[],"class_list":{"0":"post-90","1":"product","2":"type-product","3":"status-publish","4":"has-post-thumbnail","6":"product_cat-en-avent","8":"first","9":"instock","10":"purchasable","11":"product-type-simple"},"jetpack_sharing_enabled":true,"_links":{"self":[{"href":"https:\/\/cousiscousa.fr\/index.php\/wp-json\/wp\/v2\/product\/90","targetHints":{"allow":["GET"]}}],"collection":[{"href":"https:\/\/cousiscousa.fr\/index.php\/wp-json\/wp\/v2\/product"}],"about":[{"href":"https:\/\/cousiscousa.fr\/index.php\/wp-json\/wp\/v2\/types\/product"}],"replies":[{"embeddable":true,"href":"https:\/\/cousiscousa.fr\/index.php\/wp-json\/wp\/v2\/comments?post=90"}],"wp:featuredmedia":[{"embeddable":true,"href":"https:\/\/cousiscousa.fr\/index.php\/wp-json\/wp\/v2\/media\/92"}],"wp:attachment":[{"href":"https:\/\/cousiscousa.fr\/index.php\/wp-json\/wp\/v2\/media?parent=90"}],"wp:term":[{"taxonomy":"product_brand","embeddable":true,"href":"https:\/\/cousiscousa.fr\/index.php\/wp-json\/wp\/v2\/product_brand?post=90"},{"taxonomy":"product_cat","embeddable":true,"href":"https:\/\/cousiscousa.fr\/index.php\/wp-json\/wp\/v2\/product_cat?post=90"},{"taxonomy":"product_tag","embeddable":true,"href":"https:\/\/cousiscousa.fr\/index.php\/wp-json\/wp\/v2\/product_tag?post=90"}],"curies":[{"name":"wp","href":"https:\/\/api.w.org\/{rel}","templated":true}]}}