{"id":903,"date":"2023-08-23T15:43:41","date_gmt":"2023-08-23T14:43:41","guid":{"rendered":"https:\/\/cousiscousa.fr\/?post_type=product&#038;p=903"},"modified":"2024-08-28T07:26:23","modified_gmt":"2024-08-28T06:26:23","slug":"anouk-et-raoul-les-loutres","status":"publish","type":"product","link":"https:\/\/cousiscousa.fr\/index.php\/product\/anouk-et-raoul-les-loutres\/","title":{"rendered":"Anouk et Raoul les loutres"},"content":{"rendered":"<h3 style=\"text-align: left;\">Anouk et Raoul, les loutres<\/h3>\n<p>D\u00e9couvrez les patrons d&rsquo;Anouk et de Raoul, deux petites loutrons \u00e0 croquer qui attendent avec impatience l&rsquo;heure de se baigner. Ces deux l\u00e0 font la paire surtout \u00e0 proximit\u00e9 d&rsquo;une rivi\u00e8re !<br \/>\nTaille approximative 16 cm.<\/p>\n<p>Le patron est un fichier num\u00e9rique, au format PDF, contenant des instructions d\u00e9taill\u00e9es ainsi que des photos \u00ab pas \u00e0 pas \u00bb pour vous aider \u00e0 r\u00e9aliser vos petites loutres.<\/p>\n<h3>Niveau de difficult\u00e9 : interm\u00e9diaire.<\/h3>\n<p>Savoir r\u00e9aliser les points suivants : anneau magique, maille cha\u00eenette, maille en l\u2019air, maille serr\u00e9e, maille coul\u00e9e, augmentation, diminution, point picot.<\/p>\n<h3>Mat\u00e9riel<\/h3>\n<ul>\n<li>Fils coton et fil \u00e0 broder noir (pour les moustaches)<\/li>\n<li>Crochet de 2.00 mm<\/li>\n<li>Ouate de rembourrage<\/li>\n<li>Aiguille \u00e0 laine ou \u00e0 broder<\/li>\n<li>Yeux s\u00e9curis\u00e9s.<\/li>\n<li>Museau s\u00e9curis\u00e9<\/li>\n<li>Une paire de ciseaux<\/li>\n<\/ul>\n<h4>A noter :<\/h4>\n<p>Apr\u00e8s le paiement, vous recevez un e-mail afin de t\u00e9l\u00e9charger votre patron. Le patron, en raison de sa nature num\u00e9rique et t\u00e9l\u00e9chargeable, ne pourra \u00eatre ni \u00e9chang\u00e9 ni rembours\u00e9.<\/p>\n<p>Ceci est le patron pour r\u00e9aliser Anouk et Raoul <strong>ce n\u2019est pas le produit fini<\/strong>\u00a0!<\/p>\n<p>&nbsp;<\/p>\n<p>&nbsp;<\/p>\n<p style=\"text-align: center;\">Copyright \u00a9 2023 Cousiscousa \u2013 Tous droits r\u00e9serv\u00e9s.<\/p>\n","protected":false},"excerpt":{"rendered":"<p>Patron au format PDF, pour r\u00e9aliser au crochet Anouk et Raoul deux petites loutrons mignons qui ne manquent pas d&rsquo;id\u00e9es d\u00e8s qu&rsquo;il s&rsquo;agit de jouer et rigoler !<\/p>\n<p>Taille approximative de la cr\u00e9ation : 16 cm.<\/p>\n","protected":false},"featured_media":905,"comment_status":"open","ping_status":"closed","template":"","meta":[],"product_brand":[],"product_cat":[40,20],"product_tag":[],"class_list":{"0":"post-903","1":"product","2":"type-product","3":"status-publish","4":"has-post-thumbnail","6":"product_cat-patrons-copains-des-bois","7":"product_cat-patrons","9":"first","10":"instock","11":"featured","12":"downloadable","13":"virtual","14":"purchasable","15":"product-type-simple"},"jetpack_sharing_enabled":true,"_links":{"self":[{"href":"https:\/\/cousiscousa.fr\/index.php\/wp-json\/wp\/v2\/product\/903","targetHints":{"allow":["GET"]}}],"collection":[{"href":"https:\/\/cousiscousa.fr\/index.php\/wp-json\/wp\/v2\/product"}],"about":[{"href":"https:\/\/cousiscousa.fr\/index.php\/wp-json\/wp\/v2\/types\/product"}],"replies":[{"embeddable":true,"href":"https:\/\/cousiscousa.fr\/index.php\/wp-json\/wp\/v2\/comments?post=903"}],"wp:featuredmedia":[{"embeddable":true,"href":"https:\/\/cousiscousa.fr\/index.php\/wp-json\/wp\/v2\/media\/905"}],"wp:attachment":[{"href":"https:\/\/cousiscousa.fr\/index.php\/wp-json\/wp\/v2\/media?parent=903"}],"wp:term":[{"taxonomy":"product_brand","embeddable":true,"href":"https:\/\/cousiscousa.fr\/index.php\/wp-json\/wp\/v2\/product_brand?post=903"},{"taxonomy":"product_cat","embeddable":true,"href":"https:\/\/cousiscousa.fr\/index.php\/wp-json\/wp\/v2\/product_cat?post=903"},{"taxonomy":"product_tag","embeddable":true,"href":"https:\/\/cousiscousa.fr\/index.php\/wp-json\/wp\/v2\/product_tag?post=903"}],"curies":[{"name":"wp","href":"https:\/\/api.w.org\/{rel}","templated":true}]}}