{"id":911,"date":"2023-08-23T15:57:21","date_gmt":"2023-08-23T14:57:21","guid":{"rendered":"https:\/\/cousiscousa.fr\/?post_type=product&#038;p=911"},"modified":"2023-08-23T16:08:00","modified_gmt":"2023-08-23T15:08:00","slug":"anouk-raoul","status":"publish","type":"product","link":"https:\/\/cousiscousa.fr\/index.php\/product\/anouk-raoul\/","title":{"rendered":"Anouk \/ Raoul"},"content":{"rendered":"<p>Une collection tout en douceur pour vos enfants<\/p>\n<h3>Anouk ou Raoul les loutres<\/h3>\n<p>Anouk et Raoul sont des loutrons quelque peu fripons mais si adorables qu&rsquo;on leur c\u00e8de volontiers le bon Dieu sans confession . Ce qu&rsquo;il aiment par dessus tout ? La vie au grand air et patauger dans la rivi\u00e8re ! Ne manquez pas de mentionner celui que vous souhaitez adopter&#8230;<\/p>\n<h4>Fabrication :<\/h4>\n<p>Les copains des bois sont r\u00e9alis\u00e9s \u00e0 la main avec amour !<br \/>\nConfectionn\u00e9s avec du fil 100% coton ils sont rembourr\u00e9s avec une ouate de rembourrage en fibre de polyester. Les yeux et le museau sont s\u00e9curis\u00e9s et certifi\u00e9s mais si ils sont destin\u00e9s \u00e0 un enfant de moins de 3 ans, il est pr\u00e9f\u00e9rable de les c\u00e2liner sous la surveillance d&rsquo;un adulte.<\/p>\n<h4>Entretien :<\/h4>\n<p>Lavable \u00e0 la main \u00e0 froid avec du savon de Marseille ou en machine \u00e0 30\u00b0.<\/p>\n<h4>A noter :<\/h4>\n<p>Chaque cr\u00e9ation est unique et les couleurs de fils peuvent \u00eatre amen\u00e9es \u00e0 varier. Comptez environ trois semaines pour la r\u00e9alisation et l\u2019envoi de votre joli compagnon.<br \/>\nAttention, le tarif vaut pour une loutre au choix. Merci d&rsquo;envoyer un message \u00e0 l&rsquo;adresse suivante : cousiscousa@gmail.com<\/p>\n","protected":false},"excerpt":{"rendered":"<p>Anouk et Raoul sont de charmants loutrons fripons qui ne manquent pas d&rsquo;ing\u00e9niosit\u00e9 d\u00e8s qu&rsquo;il s&rsquo;agit de s&rsquo;amuser !<br \/>\nDu haut de leur 16 cm, ils attendent d&rsquo;\u00eatre adopt\u00e9s.<br \/>\nLors de votre achat, n&rsquo;oubliez pas de pr\u00e9ciser en message priv\u00e9 l&rsquo;option d\u00e9sir\u00e9e. Anouk la loutronne gloutonne ou Raoul le loutron fripon !<\/p>\n","protected":false},"featured_media":910,"comment_status":"open","ping_status":"closed","template":"","meta":[],"product_brand":[],"product_cat":[15],"product_tag":[],"class_list":{"0":"post-911","1":"product","2":"type-product","3":"status-publish","4":"has-post-thumbnail","6":"product_cat-uncategorized","8":"first","9":"instock","10":"purchasable","11":"product-type-simple"},"jetpack_sharing_enabled":true,"_links":{"self":[{"href":"https:\/\/cousiscousa.fr\/index.php\/wp-json\/wp\/v2\/product\/911","targetHints":{"allow":["GET"]}}],"collection":[{"href":"https:\/\/cousiscousa.fr\/index.php\/wp-json\/wp\/v2\/product"}],"about":[{"href":"https:\/\/cousiscousa.fr\/index.php\/wp-json\/wp\/v2\/types\/product"}],"replies":[{"embeddable":true,"href":"https:\/\/cousiscousa.fr\/index.php\/wp-json\/wp\/v2\/comments?post=911"}],"wp:featuredmedia":[{"embeddable":true,"href":"https:\/\/cousiscousa.fr\/index.php\/wp-json\/wp\/v2\/media\/910"}],"wp:attachment":[{"href":"https:\/\/cousiscousa.fr\/index.php\/wp-json\/wp\/v2\/media?parent=911"}],"wp:term":[{"taxonomy":"product_brand","embeddable":true,"href":"https:\/\/cousiscousa.fr\/index.php\/wp-json\/wp\/v2\/product_brand?post=911"},{"taxonomy":"product_cat","embeddable":true,"href":"https:\/\/cousiscousa.fr\/index.php\/wp-json\/wp\/v2\/product_cat?post=911"},{"taxonomy":"product_tag","embeddable":true,"href":"https:\/\/cousiscousa.fr\/index.php\/wp-json\/wp\/v2\/product_tag?post=911"}],"curies":[{"name":"wp","href":"https:\/\/api.w.org\/{rel}","templated":true}]}}