{"id":918,"date":"2023-09-16T06:24:06","date_gmt":"2023-09-16T05:24:06","guid":{"rendered":"https:\/\/cousiscousa.fr\/?post_type=product&#038;p=918"},"modified":"2023-09-16T15:13:01","modified_gmt":"2023-09-16T14:13:01","slug":"raymond-le-choupisson","status":"publish","type":"product","link":"https:\/\/cousiscousa.fr\/index.php\/product\/raymond-le-choupisson\/","title":{"rendered":"Raymond , le Choupisson"},"content":{"rendered":"<h3 style=\"text-align: left;\">Raymond, le choupisson<\/h3>\n<p>Ne vous fiez pas \u00e0 son air ang\u00e9lique, Raymond est le cador de la for\u00eat ! Et mieux vaut ne pas le contrarier car il ne manque pas de piquants&#8230; Il aura t\u00f4t fait de de vous piquer au vif ! Et oui, avec Raymond, qui s&rsquo;y frotte, s&rsquo;y pique !<br \/>\nTaille approximative 16 cm.<\/p>\n<p>Le patron est un fichier num\u00e9rique, au format PDF, contenant des instructions d\u00e9taill\u00e9es ainsi que des photos \u00ab pas \u00e0 pas \u00bb pour vous aider \u00e0 r\u00e9aliser ce petit h\u00e9risson.<\/p>\n<h3>Niveau de difficult\u00e9 : interm\u00e9diaire.<\/h3>\n<p>Savoir r\u00e9aliser les points suivants : anneau magique, maille cha\u00eenette, maille en l\u2019air, maille serr\u00e9e, maille coul\u00e9e, augmentation, diminution, bride, demi-bride.<\/p>\n<h3>Mat\u00e9riel<\/h3>\n<ul>\n<li>Fils coton<\/li>\n<li>Crochet de 2.00 mm<\/li>\n<li>Ouate de rembourrage<\/li>\n<li>Aiguille \u00e0 laine ou \u00e0 broder<\/li>\n<li>Yeux s\u00e9curis\u00e9s<\/li>\n<li>Museau s\u00e9curis\u00e9<\/li>\n<li>Une paire de ciseaux<\/li>\n<\/ul>\n<h4>A noter :<\/h4>\n<p>Apr\u00e8s le paiement, vous recevez un e-mail afin de t\u00e9l\u00e9charger votre patron. Celui-ci, en raison de sa nature num\u00e9rique et t\u00e9l\u00e9chargeable, ne pourra \u00eatre ni \u00e9chang\u00e9 ni rembours\u00e9.<\/p>\n<p>Ceci est le patron pour r\u00e9aliser <strong>Raymond le choupisson ce n\u2019est pas le produit fini<\/strong>\u00a0!<\/p>\n<p>&nbsp;<\/p>\n<p>&nbsp;<\/p>\n<p style=\"text-align: center;\">Copyright \u00a9 2023 Cousiscousa \u2013 Tous droits r\u00e9serv\u00e9s.<\/p>\n","protected":false},"excerpt":{"rendered":"<p>Venez d\u00e9couvrir ce patron au format PDF, pour r\u00e9aliser au crochet Raymond, un adorable h\u00e9risson qui ne manque pas de piquants !<\/p>\n<p>Taille approximative de la cr\u00e9ation : 16 cm.<\/p>\n","protected":false},"featured_media":920,"comment_status":"open","ping_status":"closed","template":"","meta":[],"product_brand":[],"product_cat":[40,20],"product_tag":[],"class_list":{"0":"post-918","1":"product","2":"type-product","3":"status-publish","4":"has-post-thumbnail","6":"product_cat-patrons-copains-des-bois","7":"product_cat-patrons","9":"first","10":"instock","11":"featured","12":"downloadable","13":"virtual","14":"purchasable","15":"product-type-simple"},"jetpack_sharing_enabled":true,"_links":{"self":[{"href":"https:\/\/cousiscousa.fr\/index.php\/wp-json\/wp\/v2\/product\/918","targetHints":{"allow":["GET"]}}],"collection":[{"href":"https:\/\/cousiscousa.fr\/index.php\/wp-json\/wp\/v2\/product"}],"about":[{"href":"https:\/\/cousiscousa.fr\/index.php\/wp-json\/wp\/v2\/types\/product"}],"replies":[{"embeddable":true,"href":"https:\/\/cousiscousa.fr\/index.php\/wp-json\/wp\/v2\/comments?post=918"}],"wp:featuredmedia":[{"embeddable":true,"href":"https:\/\/cousiscousa.fr\/index.php\/wp-json\/wp\/v2\/media\/920"}],"wp:attachment":[{"href":"https:\/\/cousiscousa.fr\/index.php\/wp-json\/wp\/v2\/media?parent=918"}],"wp:term":[{"taxonomy":"product_brand","embeddable":true,"href":"https:\/\/cousiscousa.fr\/index.php\/wp-json\/wp\/v2\/product_brand?post=918"},{"taxonomy":"product_cat","embeddable":true,"href":"https:\/\/cousiscousa.fr\/index.php\/wp-json\/wp\/v2\/product_cat?post=918"},{"taxonomy":"product_tag","embeddable":true,"href":"https:\/\/cousiscousa.fr\/index.php\/wp-json\/wp\/v2\/product_tag?post=918"}],"curies":[{"name":"wp","href":"https:\/\/api.w.org\/{rel}","templated":true}]}}