{"id":927,"date":"2023-09-16T07:00:06","date_gmt":"2023-09-16T06:00:06","guid":{"rendered":"https:\/\/cousiscousa.fr\/?post_type=product&#038;p=927"},"modified":"2024-05-29T17:09:13","modified_gmt":"2024-05-29T16:09:13","slug":"raymond-le-choupisson-2","status":"publish","type":"product","link":"https:\/\/cousiscousa.fr\/index.php\/product\/raymond-le-choupisson-2\/","title":{"rendered":"Raymond, le choupisson"},"content":{"rendered":"<p>Une collection tout en douceur pour vos enfants<\/p>\n<h3>Raymond le choupisson<\/h3>\n<p>Raymond est un petit h\u00e9risson qui ne manque pas de piquants !<br \/>\nAupr\u00e8s de lui, l&rsquo;expression \u00ab\u00a0qui s&rsquo;y frotte, s&rsquo;y pique\u00a0\u00bb prend tout son sens ! Mais en secret ce choupisson atypique r\u00eave d&rsquo;un monde utopique o\u00f9 il retrouverait tous les jours ses copains autour d&rsquo;un bon pique-nique.<\/p>\n<h4>Fabrication :<\/h4>\n<p>Les copains des bois sont r\u00e9alis\u00e9s \u00e0 la main avec amour !<br \/>\nConfectionn\u00e9s avec du fil 100% coton ils sont rembourr\u00e9s avec une ouate de rembourrage en fibre de polyester. Les yeux et le museau sont s\u00e9curis\u00e9s et certifi\u00e9s mais s&rsquo; ils sont destin\u00e9s \u00e0 un enfant de moins de 3 ans, il est pr\u00e9f\u00e9rable de les c\u00e2liner sous la surveillance d&rsquo;un adulte.<\/p>\n<h4>Entretien :<\/h4>\n<p>Lavable \u00e0 la main \u00e0 froid avec du savon de Marseille ou en machine \u00e0 30\u00b0.<\/p>\n<h4>A noter :<\/h4>\n<p>Chaque cr\u00e9ation est unique et les couleurs de fils peuvent \u00eatre amen\u00e9es \u00e0 varier. Comptez environ trois semaines pour la r\u00e9alisation et l\u2019envoi de votre joli compagnon.<\/p>\n","protected":false},"excerpt":{"rendered":"<p>Vous souhaitez un doudou atypique ? Ce petit h\u00e9risson tombe \u00e0 pic !<br \/>\nFlegmatique il ne se h\u00e9risse que tr\u00e8s rarement, par contre m\u00e9fiez vous, c&rsquo;est un vrai pique-assiette !<\/p>\n<p>Du haut de ses 16 cm il se glisse partout. Ne cherchez plus, ce doudou est fait pour vous !<\/p>\n","protected":false},"featured_media":928,"comment_status":"open","ping_status":"closed","template":"","meta":[],"product_brand":[],"product_cat":[15],"product_tag":[],"class_list":{"0":"post-927","1":"product","2":"type-product","3":"status-publish","4":"has-post-thumbnail","6":"product_cat-uncategorized","8":"first","9":"instock","10":"purchasable","11":"product-type-simple"},"jetpack_sharing_enabled":true,"_links":{"self":[{"href":"https:\/\/cousiscousa.fr\/index.php\/wp-json\/wp\/v2\/product\/927","targetHints":{"allow":["GET"]}}],"collection":[{"href":"https:\/\/cousiscousa.fr\/index.php\/wp-json\/wp\/v2\/product"}],"about":[{"href":"https:\/\/cousiscousa.fr\/index.php\/wp-json\/wp\/v2\/types\/product"}],"replies":[{"embeddable":true,"href":"https:\/\/cousiscousa.fr\/index.php\/wp-json\/wp\/v2\/comments?post=927"}],"wp:featuredmedia":[{"embeddable":true,"href":"https:\/\/cousiscousa.fr\/index.php\/wp-json\/wp\/v2\/media\/928"}],"wp:attachment":[{"href":"https:\/\/cousiscousa.fr\/index.php\/wp-json\/wp\/v2\/media?parent=927"}],"wp:term":[{"taxonomy":"product_brand","embeddable":true,"href":"https:\/\/cousiscousa.fr\/index.php\/wp-json\/wp\/v2\/product_brand?post=927"},{"taxonomy":"product_cat","embeddable":true,"href":"https:\/\/cousiscousa.fr\/index.php\/wp-json\/wp\/v2\/product_cat?post=927"},{"taxonomy":"product_tag","embeddable":true,"href":"https:\/\/cousiscousa.fr\/index.php\/wp-json\/wp\/v2\/product_tag?post=927"}],"curies":[{"name":"wp","href":"https:\/\/api.w.org\/{rel}","templated":true}]}}