{"id":940,"date":"2023-11-01T18:33:48","date_gmt":"2023-11-01T17:33:48","guid":{"rendered":"https:\/\/cousiscousa.fr\/?post_type=product&#038;p=940"},"modified":"2023-11-01T18:40:49","modified_gmt":"2023-11-01T17:40:49","slug":"casse-noisette-et-le-roi-des-souris","status":"publish","type":"product","link":"https:\/\/cousiscousa.fr\/index.php\/product\/casse-noisette-et-le-roi-des-souris\/","title":{"rendered":"Casse-noisette et le roi des souris"},"content":{"rendered":"<p><em>\u00ab\u00a0Ce n&rsquo;\u00e9tait pas un prince, ni un chevalier, non, c&rsquo;\u00e9tait juste un petit soldat avec des bottes noires et un uniforme rouge aux \u00e9paulettes dor\u00e9es. Mais ce jeune homme l\u00e0 avait un c\u0153ur pur. Il s&rsquo;inclina devant la princesse , donna un seul coup de dents et- prodige!- la noix se brisa aussi facilement qu&rsquo;un morceau de chocolat&#8230;.\u00a0\u00bb<\/em><\/p>\n<p>D\u00e9couvrez ce joli patron au format PDF\u00a0 pour entrer dans l&rsquo;atmosph\u00e8re f\u00e9\u00e9rique de No\u00ebl et revivez la merveilleuse histoire de casse-noisette !<br \/>\nTaille des r\u00e9alisations ~ 15 cm.<\/p>\n<h3>Niveau de difficult\u00e9 : Interm\u00e9diaire<\/h3>\n<p>Savoir r\u00e9aliser les points suivants : anneau magique, maille cha\u00eenette, maille en l\u2019air, maille serr\u00e9e, maille coul\u00e9e, augmentation, diminution, brides, demi brides, point de n\u0153ud.<\/p>\n<h3>Mat\u00e9riel<\/h3>\n<ul>\n<li>Fils 100 % coton<\/li>\n<li>Fil lurex dor\u00e9<\/li>\n<li>Crochet de 2.00 mm<\/li>\n<li>Ouate de rembourrage<\/li>\n<li>Aiguille \u00e0 laine ou \u00e0 broder<\/li>\n<li>Une paire de ciseaux<\/li>\n<\/ul>\n<h4>A noter :<\/h4>\n<p>Apr\u00e8s le paiement, vous recevez un e-mail afin de t\u00e9l\u00e9charger votre patron. Le patron, en raison de sa nature num\u00e9rique et t\u00e9l\u00e9chargeable, ne pourra \u00eatre ni \u00e9chang\u00e9 ni rembours\u00e9.<\/p>\n<p>Ceci est le patron pour r\u00e9aliser Casse-noisette et le roi des souris <strong>ce n\u2019est pas le produit fini<\/strong>\u00a0!<\/p>\n<p>&nbsp;<\/p>\n<p>&nbsp;<\/p>\n<p style=\"text-align: center;\">Copyright \u00a9 2023 Cousiscousa \u2013 Tous droits r\u00e9serv\u00e9s<\/p>\n","protected":false},"excerpt":{"rendered":"<p>D\u00e9couvrez les instructions d\u00e9taill\u00e9es afin de r\u00e9aliser au crochet ces minis personnages hauts en couleur tout droit sortis de l\u2019univers d\u2019Hoffman.<\/p>\n","protected":false},"featured_media":941,"comment_status":"open","ping_status":"closed","template":"","meta":[],"product_brand":[],"product_cat":[48,47],"product_tag":[],"class_list":{"0":"post-940","1":"product","2":"type-product","3":"status-publish","4":"has-post-thumbnail","6":"product_cat-en-avent-patrons","7":"product_cat-il-etait-une-fois","9":"first","10":"instock","11":"downloadable","12":"virtual","13":"purchasable","14":"product-type-simple"},"jetpack_sharing_enabled":true,"_links":{"self":[{"href":"https:\/\/cousiscousa.fr\/index.php\/wp-json\/wp\/v2\/product\/940","targetHints":{"allow":["GET"]}}],"collection":[{"href":"https:\/\/cousiscousa.fr\/index.php\/wp-json\/wp\/v2\/product"}],"about":[{"href":"https:\/\/cousiscousa.fr\/index.php\/wp-json\/wp\/v2\/types\/product"}],"replies":[{"embeddable":true,"href":"https:\/\/cousiscousa.fr\/index.php\/wp-json\/wp\/v2\/comments?post=940"}],"wp:featuredmedia":[{"embeddable":true,"href":"https:\/\/cousiscousa.fr\/index.php\/wp-json\/wp\/v2\/media\/941"}],"wp:attachment":[{"href":"https:\/\/cousiscousa.fr\/index.php\/wp-json\/wp\/v2\/media?parent=940"}],"wp:term":[{"taxonomy":"product_brand","embeddable":true,"href":"https:\/\/cousiscousa.fr\/index.php\/wp-json\/wp\/v2\/product_brand?post=940"},{"taxonomy":"product_cat","embeddable":true,"href":"https:\/\/cousiscousa.fr\/index.php\/wp-json\/wp\/v2\/product_cat?post=940"},{"taxonomy":"product_tag","embeddable":true,"href":"https:\/\/cousiscousa.fr\/index.php\/wp-json\/wp\/v2\/product_tag?post=940"}],"curies":[{"name":"wp","href":"https:\/\/api.w.org\/{rel}","templated":true}]}}