{"id":952,"date":"2023-12-06T08:20:46","date_gmt":"2023-12-06T07:20:46","guid":{"rendered":"https:\/\/cousiscousa.fr\/?post_type=product&#038;p=952"},"modified":"2023-12-06T08:40:24","modified_gmt":"2023-12-06T07:40:24","slug":"les-minis-de-noel","status":"publish","type":"product","link":"https:\/\/cousiscousa.fr\/index.php\/product\/les-minis-de-noel\/","title":{"rendered":"Les minis de No\u00ebl"},"content":{"rendered":"<p>Malice le bonhomme pain d&rsquo;\u00e9pice, Ballotin le lutin coquin, Sorbet le bonhomme de neige et Etrenne le renne sont impatients de voir voler sur son tra\u00eeneau le p\u00e8re Noel. En attendant ce grand \u00e9v\u00e8nement, nos quatre comp\u00e8res ont beaucoup \u00e0 faire !<\/p>\n<p>D\u00e9couvrez ce joli patron au format PDF pour entrer dans l&rsquo;atmosph\u00e8re f\u00e9\u00e9rique de No\u00ebl et occuper comme il se doit les quatre semaines de l&rsquo;avent !<br \/>\nTaille des r\u00e9alisations ~ 10 cm.<\/p>\n<h3>Niveau de difficult\u00e9 : Interm\u00e9diaire<\/h3>\n<p>Savoir r\u00e9aliser les points suivants : anneau magique, maille cha\u00eenette, maille en l\u2019air, maille serr\u00e9e, maille coul\u00e9e, augmentation, diminution, brides, demi brides. Savoir crocheter en rangs tourn\u00e9s et en spirales continues.<\/p>\n<h3>Mat\u00e9riel<\/h3>\n<ul>\n<li>Fils 100 % coton<\/li>\n<li>Fil lurex dor\u00e9<\/li>\n<li>Cinq petits pompons blancs, un petit pompon rouge<\/li>\n<li>Crochet de 2.50 mm<\/li>\n<li>Ouate de rembourrage<\/li>\n<li>Aiguille \u00e0 laine ou \u00e0 broder<\/li>\n<li>Une paire de ciseaux<\/li>\n<\/ul>\n<h4>A noter :<\/h4>\n<p>Apr\u00e8s le paiement, vous recevez un e-mail afin de t\u00e9l\u00e9charger votre patron. Le patron, en raison de sa nature num\u00e9rique et t\u00e9l\u00e9chargeable, ne pourra \u00eatre ni \u00e9chang\u00e9 ni rembours\u00e9.<\/p>\n<p>Ceci est le patron pour r\u00e9aliser les quatre minis de Noel <strong>ce n\u2019est pas le produit fini<\/strong>\u00a0!<\/p>\n<p>&nbsp;<\/p>\n<p>&nbsp;<\/p>\n<p style=\"text-align: center;\">Copyright \u00a9 2023 Cousiscousa \u2013 Tous droits r\u00e9serv\u00e9s<\/p>\n","protected":false},"excerpt":{"rendered":"<p>D\u00e9couvrez les instructions d\u00e9taill\u00e9es afin de r\u00e9aliser au crochet ces minis personnages de No\u00ebl et profitez de cette p\u00e9riode magique aux c\u00f4t\u00e9s de Malice le bonhomme pain d&rsquo;\u00e9pice, Etrenne le renne, sorbet le bonhomme de neige et Ballotin le petit lutin coquin !<\/p>\n","protected":false},"featured_media":954,"comment_status":"open","ping_status":"closed","template":"","meta":[],"product_brand":[],"product_cat":[48],"product_tag":[],"class_list":{"0":"post-952","1":"product","2":"type-product","3":"status-publish","4":"has-post-thumbnail","6":"product_cat-en-avent-patrons","8":"first","9":"instock","10":"downloadable","11":"virtual","12":"purchasable","13":"product-type-simple"},"jetpack_sharing_enabled":true,"_links":{"self":[{"href":"https:\/\/cousiscousa.fr\/index.php\/wp-json\/wp\/v2\/product\/952","targetHints":{"allow":["GET"]}}],"collection":[{"href":"https:\/\/cousiscousa.fr\/index.php\/wp-json\/wp\/v2\/product"}],"about":[{"href":"https:\/\/cousiscousa.fr\/index.php\/wp-json\/wp\/v2\/types\/product"}],"replies":[{"embeddable":true,"href":"https:\/\/cousiscousa.fr\/index.php\/wp-json\/wp\/v2\/comments?post=952"}],"wp:featuredmedia":[{"embeddable":true,"href":"https:\/\/cousiscousa.fr\/index.php\/wp-json\/wp\/v2\/media\/954"}],"wp:attachment":[{"href":"https:\/\/cousiscousa.fr\/index.php\/wp-json\/wp\/v2\/media?parent=952"}],"wp:term":[{"taxonomy":"product_brand","embeddable":true,"href":"https:\/\/cousiscousa.fr\/index.php\/wp-json\/wp\/v2\/product_brand?post=952"},{"taxonomy":"product_cat","embeddable":true,"href":"https:\/\/cousiscousa.fr\/index.php\/wp-json\/wp\/v2\/product_cat?post=952"},{"taxonomy":"product_tag","embeddable":true,"href":"https:\/\/cousiscousa.fr\/index.php\/wp-json\/wp\/v2\/product_tag?post=952"}],"curies":[{"name":"wp","href":"https:\/\/api.w.org\/{rel}","templated":true}]}}