{"id":970,"date":"2023-12-06T08:58:34","date_gmt":"2023-12-06T07:58:34","guid":{"rendered":"https:\/\/cousiscousa.fr\/?post_type=product&#038;p=970"},"modified":"2023-12-06T09:15:52","modified_gmt":"2023-12-06T08:15:52","slug":"lutin-farceur","status":"publish","type":"product","link":"https:\/\/cousiscousa.fr\/index.php\/product\/lutin-farceur\/","title":{"rendered":"Lutin farceur"},"content":{"rendered":"<p>Le 01 d\u00e9cembre Farfouille, Grelot, Bolduc, Pirouette, Cacahou\u00e8te, Clochette, Tintinnabule, Tintamarre, Paillettes et tous les autres lutins de l&rsquo;atelier quittent la Laponie pour des vacances bien m\u00e9rit\u00e9es dans nos foyers . Mais attention, \u00e0 la nuit tomb\u00e9e, ils se transforment en bout en train et imaginent toute sorte de b\u00eatises pour le plus grand bonheur des petits !<\/p>\n<p>D\u00e9couvrez ce\u00a0 patron au format PDF pour r\u00e9aliser votre propre lutin farceur de No\u00ebl !<br \/>\nTaille de la r\u00e9alisation ~ 30\/35 cm.<\/p>\n<h3>Niveau de difficult\u00e9 : Interm\u00e9diaire<\/h3>\n<p>Savoir r\u00e9aliser les points suivants : anneau magique, maille cha\u00eenette, maille en l\u2019air, maille serr\u00e9e, maille coul\u00e9e, augmentation, diminution, brides, demi brides. Savoir crocheter en spirales continues.<\/p>\n<h3>Mat\u00e9riel<\/h3>\n<ul>\n<li>Fils 100 % coton<\/li>\n<li>Fil lurex dor\u00e9<\/li>\n<li>Un\u00a0 pompon blanc<\/li>\n<li>Crochet de 2.50 mm<\/li>\n<li>Ouate de rembourrage<\/li>\n<li>Aiguille \u00e0 laine ou \u00e0 broder<\/li>\n<li>Une paire de ciseaux<\/li>\n<\/ul>\n<h4>A noter :<\/h4>\n<p>Apr\u00e8s le paiement, vous recevez un e-mail afin de t\u00e9l\u00e9charger votre patron. Le patron, en raison de sa nature num\u00e9rique et t\u00e9l\u00e9chargeable, ne pourra \u00eatre ni \u00e9chang\u00e9 ni rembours\u00e9.<\/p>\n<p>Ceci est le patron pour r\u00e9aliser un lutin farceur de No\u00ebl <strong>ce n\u2019est pas le produit fini<\/strong>\u00a0!<\/p>\n<p>&nbsp;<\/p>\n<p>&nbsp;<\/p>\n<p style=\"text-align: center;\">Copyright \u00a9 2023 Cousiscousa \u2013 Tous droits r\u00e9serv\u00e9s<\/p>\n","protected":false},"excerpt":{"rendered":"<p>D\u00e9couvrez les instructions d\u00e9taill\u00e9es pour r\u00e9aliser votre propre lutin farceur de No\u00ebl ! Rouge, vert, rose, violet, personnalisez le \u00e0 votre souhait !<\/p>\n","protected":false},"featured_media":972,"comment_status":"open","ping_status":"closed","template":"","meta":[],"product_brand":[],"product_cat":[48],"product_tag":[],"class_list":{"0":"post-970","1":"product","2":"type-product","3":"status-publish","4":"has-post-thumbnail","6":"product_cat-en-avent-patrons","8":"first","9":"instock","10":"downloadable","11":"virtual","12":"purchasable","13":"product-type-simple"},"jetpack_sharing_enabled":true,"_links":{"self":[{"href":"https:\/\/cousiscousa.fr\/index.php\/wp-json\/wp\/v2\/product\/970","targetHints":{"allow":["GET"]}}],"collection":[{"href":"https:\/\/cousiscousa.fr\/index.php\/wp-json\/wp\/v2\/product"}],"about":[{"href":"https:\/\/cousiscousa.fr\/index.php\/wp-json\/wp\/v2\/types\/product"}],"replies":[{"embeddable":true,"href":"https:\/\/cousiscousa.fr\/index.php\/wp-json\/wp\/v2\/comments?post=970"}],"wp:featuredmedia":[{"embeddable":true,"href":"https:\/\/cousiscousa.fr\/index.php\/wp-json\/wp\/v2\/media\/972"}],"wp:attachment":[{"href":"https:\/\/cousiscousa.fr\/index.php\/wp-json\/wp\/v2\/media?parent=970"}],"wp:term":[{"taxonomy":"product_brand","embeddable":true,"href":"https:\/\/cousiscousa.fr\/index.php\/wp-json\/wp\/v2\/product_brand?post=970"},{"taxonomy":"product_cat","embeddable":true,"href":"https:\/\/cousiscousa.fr\/index.php\/wp-json\/wp\/v2\/product_cat?post=970"},{"taxonomy":"product_tag","embeddable":true,"href":"https:\/\/cousiscousa.fr\/index.php\/wp-json\/wp\/v2\/product_tag?post=970"}],"curies":[{"name":"wp","href":"https:\/\/api.w.org\/{rel}","templated":true}]}}