{"id":986,"date":"2024-01-28T08:04:06","date_gmt":"2024-01-28T07:04:06","guid":{"rendered":"https:\/\/cousiscousa.fr\/?post_type=product&#038;p=986"},"modified":"2024-01-28T21:53:38","modified_gmt":"2024-01-28T20:53:38","slug":"kit-celestin","status":"publish","type":"product","link":"https:\/\/cousiscousa.fr\/index.php\/product\/kit-celestin\/","title":{"rendered":"Kit C\u00e9lestin"},"content":{"rendered":"<p>Un\u00a0 kit plein de douceur pour retomber en enfance en confectionnant cet adorable poupon de 20 cm et son doudou ourson.<\/p>\n<h4>Le Kit<\/h4>\n<p>Le kit est propos\u00e9 en deux coloris:<br \/>\n&#8211; Amande: pour r\u00e9aliser un C\u00e9lestin \u00e0 la peau claire et \u00e0 la salopette fonc\u00e9e.<br \/>\n&#8211; Chocolat: pour r\u00e9aliser un C\u00e9lestin \u00e0 la peau fonc\u00e9e et \u00e0 la salopette claire.<\/p>\n<h4>Contenu:<\/h4>\n<ul>\n<li>Un livret au format A5, d\u00e9taill\u00e9 et illustr\u00e9 avec plusieurs photos \u00ab\u00a0pas \u00e0 pas\u00a0\u00bb.<\/li>\n<li>Du fil de coton:<br \/>\n&#8211; Du fil noir et blanc pour broder les yeux<br \/>\n&#8211; 2\u00a0 pelotes \u2013 couleur en fonction du kit\u00a0 \u2248 50 g<\/li>\n<li>Deux carr\u00e9s de tissu assembl\u00e9s pour la fabrication du doudou ourson.<\/li>\n<li>Un pochon de ouate de rembourrage<\/li>\n<li>5 \u00e9pingles<\/li>\n<li>Un marqueur de maille t\u00e9tine<\/li>\n<li>Une adorable figurine de b\u00e9b\u00e9 ourson.<\/li>\n<\/ul>\n<h4>Le kit ne contient pas :<\/h4>\n<ul>\n<li>Le crochet 2.00 mm<\/li>\n<li>Ciseaux et aiguille \u00e0 laine<\/li>\n<li>Fard \u00e0 joue<\/li>\n<\/ul>\n<h4>Niveau de difficult\u00e9 : Interm\u00e9diaire<\/h4>\n<p>Il est n\u00e9cessaire de conna\u00eetre ces notions de crochet :<\/p>\n<ul>\n<li>La lecture d\u2019un patron de crochet.<\/li>\n<li>Savoir r\u00e9aliser les points suivants : cercle magique, maille cha\u00eenette, maille serr\u00e9e, maille coul\u00e9e, maille en l\u2019air, augmentation, diminution, demi-bride, bride, point nope<\/li>\n<\/ul>\n<h4>A noter :<\/h4>\n<p>Ceci est un kit pour r\u00e9aliser C\u00e9lestin, il ne contient pas le produit fini. Comptez environ dix jours pour\u00a0 l\u2019envoi de votre kit. Une fois votre poupon r\u00e9alis\u00e9, n&rsquo;h\u00e9sitez pas \u00e0 le partager @cousiscousa.<\/p>\n","protected":false},"excerpt":{"rendered":"<p>Une naissance, l&rsquo;entr\u00e9e \u00e0 la cr\u00e8che de votre bambin, un cadeau, ou simplement parce que vous voulez crocheter une mignonnerie de plus ?<br \/>\nVous trouverez bien un pr\u00e9texte pour vous offrir ce kit et r\u00e9aliser l&rsquo;adorable C\u00e9lestin et son mini doudou c\u00e2linou !<\/p>\n[video width=\"1080\" height=\"1920\" mp4=\"https:\/\/cousiscousa.fr\/wp-content\/uploads\/2024\/01\/VID_117000314_143414_984.mp4\"][\/video]\n<p>Le kit est propos\u00e9 en deux coloris :<\/p>\n<p>&nbsp;<\/p>\n","protected":false},"featured_media":996,"comment_status":"open","ping_status":"closed","template":"","meta":[],"product_brand":[],"product_cat":[49],"product_tag":[],"class_list":{"0":"post-986","1":"product","2":"type-product","3":"status-publish","4":"has-post-thumbnail","6":"product_cat-kit","8":"first","9":"instock","10":"purchasable","11":"product-type-variable"},"jetpack_sharing_enabled":true,"_links":{"self":[{"href":"https:\/\/cousiscousa.fr\/index.php\/wp-json\/wp\/v2\/product\/986","targetHints":{"allow":["GET"]}}],"collection":[{"href":"https:\/\/cousiscousa.fr\/index.php\/wp-json\/wp\/v2\/product"}],"about":[{"href":"https:\/\/cousiscousa.fr\/index.php\/wp-json\/wp\/v2\/types\/product"}],"replies":[{"embeddable":true,"href":"https:\/\/cousiscousa.fr\/index.php\/wp-json\/wp\/v2\/comments?post=986"}],"wp:featuredmedia":[{"embeddable":true,"href":"https:\/\/cousiscousa.fr\/index.php\/wp-json\/wp\/v2\/media\/996"}],"wp:attachment":[{"href":"https:\/\/cousiscousa.fr\/index.php\/wp-json\/wp\/v2\/media?parent=986"}],"wp:term":[{"taxonomy":"product_brand","embeddable":true,"href":"https:\/\/cousiscousa.fr\/index.php\/wp-json\/wp\/v2\/product_brand?post=986"},{"taxonomy":"product_cat","embeddable":true,"href":"https:\/\/cousiscousa.fr\/index.php\/wp-json\/wp\/v2\/product_cat?post=986"},{"taxonomy":"product_tag","embeddable":true,"href":"https:\/\/cousiscousa.fr\/index.php\/wp-json\/wp\/v2\/product_tag?post=986"}],"curies":[{"name":"wp","href":"https:\/\/api.w.org\/{rel}","templated":true}]}}